{"id":143268,"date":"2022-11-14T16:49:08","date_gmt":"2025-01-08T11:03:57","guid":{"rendered":"https:\/\/kingarms.ee\/product\/aeg-phantom-extremis-mk-i-aps\/"},"modified":"2025-01-08T14:03:57","modified_gmt":"2025-01-08T11:03:57","slug":"aeg-phantom-extremis-mk-i-aps","status":"publish","type":"product","link":"https:\/\/kingarms.ee\/lt\/product\/aeg-phantom-extremis-mk-i-aps\/","title":{"rendered":"AEG Phantom Extremis Mk-I APS"},"content":{"rendered":"","protected":false},"excerpt":{"rendered":"<p>AEG Phantom Extremis Mk-I APS<\/p>\n<p>Visas metalinis korpusas<br \/>\n\u201eEvo Tech 3.0\u201c 10 coli\u0173 \u201eM-Lok\u201c rankinis sargyba su 7 lizdais<br \/>\n300 raund\u0173 \u017eurnalas<br \/>\nElektrinis sm\u016bgis atgal<br \/>\nAmbidextrous Design<br \/>\ni\u0161traukiamos RS-2 atsargos<br \/>\nApsiver\u017e\u0119<br \/>\nSidabrin\u0117s kra\u0161to pavar\u0173 d\u0117\u017e\u0117<br \/>\nilgis 840 mm-920mm<br \/>\n\u201eWeigth 2650G\u201c<\/p>\n","protected":false},"featured_media":125293,"template":"","meta":{"_acf_changed":false},"product_brand":[],"product_cat":[1139],"product_tag":[],"class_list":{"0":"post-143268","1":"product","2":"type-product","3":"status-publish","4":"has-post-thumbnail","6":"product_cat-elektro-pneumatiniai-ginklai","8":"first","9":"onbackorder","10":"product-type-simple"},"acf":[],"_links":{"self":[{"href":"https:\/\/kingarms.ee\/lt\/wp-json\/wp\/v2\/product\/143268","targetHints":{"allow":["GET"]}}],"collection":[{"href":"https:\/\/kingarms.ee\/lt\/wp-json\/wp\/v2\/product"}],"about":[{"href":"https:\/\/kingarms.ee\/lt\/wp-json\/wp\/v2\/types\/product"}],"wp:featuredmedia":[{"embeddable":true,"href":"https:\/\/kingarms.ee\/lt\/wp-json\/wp\/v2\/media\/125293"}],"wp:attachment":[{"href":"https:\/\/kingarms.ee\/lt\/wp-json\/wp\/v2\/media?parent=143268"}],"wp:term":[{"taxonomy":"product_brand","embeddable":true,"href":"https:\/\/kingarms.ee\/lt\/wp-json\/wp\/v2\/product_brand?post=143268"},{"taxonomy":"product_cat","embeddable":true,"href":"https:\/\/kingarms.ee\/lt\/wp-json\/wp\/v2\/product_cat?post=143268"},{"taxonomy":"product_tag","embeddable":true,"href":"https:\/\/kingarms.ee\/lt\/wp-json\/wp\/v2\/product_tag?post=143268"}],"curies":[{"name":"wp","href":"https:\/\/api.w.org\/{rel}","templated":true}]}}