{"id":143275,"date":"2022-11-14T16:48:58","date_gmt":"2025-01-08T11:08:19","guid":{"rendered":"https:\/\/kingarms.ee\/product\/kuprine-45-litrai-wosport\/"},"modified":"2025-01-08T14:08:19","modified_gmt":"2025-01-08T11:08:19","slug":"backpack-45-liters-wosport","status":"publish","type":"product","link":"https:\/\/kingarms.ee\/lt\/product\/backpack-45-liters-wosport\/","title":{"rendered":"Kuprin\u0117 45 litrai wosport"},"content":{"rendered":"","protected":false},"excerpt":{"rendered":"<p>Kuprin\u0117 45 litrai wosport<\/p>\n<p>Neper\u0161lampamas ir prie\u0161 \u012fbr\u0117\u017eimas 600dPVC poliesteris<br \/>\nKv\u0117puojan\u010dios dalys ant nugaros<br \/>\nadjustable distance between shoulder straps<br \/>\nLiemens ir kr\u016btin\u0117s dir\u017eai reguliuojami ir nuimami<br \/>\nmolle system<br \/>\ndouble zip closure on every pockets and compartments<br \/>\ninternal subdivision in every compartments for better space organization<br \/>\ndimensions about 45x30x25cm (height x width x depth)<br \/>\nweight 1400g<\/p>\n","protected":false},"featured_media":125263,"template":"","meta":{"_acf_changed":false},"product_brand":[],"product_cat":[1243,1240],"product_tag":[],"class_list":{"0":"post-143275","1":"product","2":"type-product","3":"status-publish","4":"has-post-thumbnail","6":"product_cat-kuprines","7":"product_cat-maiseliai-krepsiai-ir-dirzeliai","9":"first","10":"instock","11":"purchasable","12":"product-type-simple"},"acf":[],"_links":{"self":[{"href":"https:\/\/kingarms.ee\/lt\/wp-json\/wp\/v2\/product\/143275","targetHints":{"allow":["GET"]}}],"collection":[{"href":"https:\/\/kingarms.ee\/lt\/wp-json\/wp\/v2\/product"}],"about":[{"href":"https:\/\/kingarms.ee\/lt\/wp-json\/wp\/v2\/types\/product"}],"wp:featuredmedia":[{"embeddable":true,"href":"https:\/\/kingarms.ee\/lt\/wp-json\/wp\/v2\/media\/125263"}],"wp:attachment":[{"href":"https:\/\/kingarms.ee\/lt\/wp-json\/wp\/v2\/media?parent=143275"}],"wp:term":[{"taxonomy":"product_brand","embeddable":true,"href":"https:\/\/kingarms.ee\/lt\/wp-json\/wp\/v2\/product_brand?post=143275"},{"taxonomy":"product_cat","embeddable":true,"href":"https:\/\/kingarms.ee\/lt\/wp-json\/wp\/v2\/product_cat?post=143275"},{"taxonomy":"product_tag","embeddable":true,"href":"https:\/\/kingarms.ee\/lt\/wp-json\/wp\/v2\/product_tag?post=143275"}],"curies":[{"name":"wp","href":"https:\/\/api.w.org\/{rel}","templated":true}]}}