{"id":143297,"date":"2022-11-14T16:48:32","date_gmt":"2022-11-14T13:48:32","guid":{"rendered":"https:\/\/kingarms.ee\/product\/revolver-4-silver-bruni\/"},"modified":"2025-01-08T14:21:08","modified_gmt":"2025-01-08T11:21:08","slug":"revolver-4-silverbruni","status":"publish","type":"product","link":"https:\/\/kingarms.ee\/lt\/product\/revolver-4-silverbruni\/","title":{"rendered":"\u201eRevolver 4 Silver Bruni\u201c"},"content":{"rendered":"","protected":false},"excerpt":{"rendered":"<p>\u201eRevolver 4 Silver Bruni\u201c<\/p>\n<p>CO2 revolveris<br \/>\n4,5 mm kalibras<br \/>\nVisas metalas<br \/>\n6 raundai b\u016bgn\u0173 \u017eurnalas<br \/>\nStatin\u0117s ilgis 4 coliai<br \/>\nSaugos u\u017eraktas, vienas kadras<br \/>\n6 \u0161\u016bviai, pridedamas \u201eSpeed Loaderand Rail\u201c<br \/>\nVidutin\u0117 galia 1,98J (apie 106 m\/s su 0,35 g plieno BBS)<br \/>\nilgis 248 mm<br \/>\nsvoris 895 g<\/p>\n","protected":false},"featured_media":125449,"template":"","meta":{"_acf_changed":false},"product_brand":[],"product_cat":[1143],"product_tag":[],"class_list":{"0":"post-143297","1":"product","2":"type-product","3":"status-publish","4":"has-post-thumbnail","6":"product_cat-rankinis-ginklas","8":"first","9":"onbackorder","10":"product-type-simple"},"acf":[],"_links":{"self":[{"href":"https:\/\/kingarms.ee\/lt\/wp-json\/wp\/v2\/product\/143297","targetHints":{"allow":["GET"]}}],"collection":[{"href":"https:\/\/kingarms.ee\/lt\/wp-json\/wp\/v2\/product"}],"about":[{"href":"https:\/\/kingarms.ee\/lt\/wp-json\/wp\/v2\/types\/product"}],"wp:featuredmedia":[{"embeddable":true,"href":"https:\/\/kingarms.ee\/lt\/wp-json\/wp\/v2\/media\/125449"}],"wp:attachment":[{"href":"https:\/\/kingarms.ee\/lt\/wp-json\/wp\/v2\/media?parent=143297"}],"wp:term":[{"taxonomy":"product_brand","embeddable":true,"href":"https:\/\/kingarms.ee\/lt\/wp-json\/wp\/v2\/product_brand?post=143297"},{"taxonomy":"product_cat","embeddable":true,"href":"https:\/\/kingarms.ee\/lt\/wp-json\/wp\/v2\/product_cat?post=143297"},{"taxonomy":"product_tag","embeddable":true,"href":"https:\/\/kingarms.ee\/lt\/wp-json\/wp\/v2\/product_tag?post=143297"}],"curies":[{"name":"wp","href":"https:\/\/api.w.org\/{rel}","templated":true}]}}