{"id":143303,"date":"2022-11-14T16:48:32","date_gmt":"2025-01-08T11:23:17","guid":{"rendered":"https:\/\/kingarms.ee\/product\/kovos-marskineliai-e4-emersearear\/"},"modified":"2025-01-08T14:23:17","modified_gmt":"2025-01-08T11:23:17","slug":"combat-shirt-e4emersongear","status":"publish","type":"product","link":"https:\/\/kingarms.ee\/lt\/product\/combat-shirt-e4emersongear\/","title":{"rendered":"Kovos mar\u0161kin\u0117liai E4 Emersearear"},"content":{"rendered":"","protected":false},"excerpt":{"rendered":"<p>Kovos mar\u0161kin\u0117liai E4 Emersearear<\/p>\n<p>Nauja E4 technologija<br \/>\nMed\u017eiagos: medviln\u0117, poliesteris ir spandeksas<br \/>\nkaklo u\u017edarymas su u\u017etrauktuku<br \/>\n1 ki\u0161en\u0117 su u\u017etrauktuku ir u\u017edaryti kabliuk\u0105 ir kilpos skydel\u012f<br \/>\nReguliuojami rankogaliai \u201eWithHook &amp; Loop\u201c<\/p>\n","protected":false},"featured_media":134369,"template":"","meta":{"_acf_changed":false},"product_brand":[],"product_cat":[1230],"product_tag":[],"class_list":{"0":"post-143303","1":"product","2":"type-product","3":"status-publish","4":"has-post-thumbnail","6":"product_cat-palaidines-marskiniai","8":"first","9":"instock","10":"purchasable","11":"product-type-variable","12":"has-default-attributes"},"acf":[],"_links":{"self":[{"href":"https:\/\/kingarms.ee\/lt\/wp-json\/wp\/v2\/product\/143303","targetHints":{"allow":["GET"]}}],"collection":[{"href":"https:\/\/kingarms.ee\/lt\/wp-json\/wp\/v2\/product"}],"about":[{"href":"https:\/\/kingarms.ee\/lt\/wp-json\/wp\/v2\/types\/product"}],"wp:featuredmedia":[{"embeddable":true,"href":"https:\/\/kingarms.ee\/lt\/wp-json\/wp\/v2\/media\/134369"}],"wp:attachment":[{"href":"https:\/\/kingarms.ee\/lt\/wp-json\/wp\/v2\/media?parent=143303"}],"wp:term":[{"taxonomy":"product_brand","embeddable":true,"href":"https:\/\/kingarms.ee\/lt\/wp-json\/wp\/v2\/product_brand?post=143303"},{"taxonomy":"product_cat","embeddable":true,"href":"https:\/\/kingarms.ee\/lt\/wp-json\/wp\/v2\/product_cat?post=143303"},{"taxonomy":"product_tag","embeddable":true,"href":"https:\/\/kingarms.ee\/lt\/wp-json\/wp\/v2\/product_tag?post=143303"}],"curies":[{"name":"wp","href":"https:\/\/api.w.org\/{rel}","templated":true}]}}