{"id":143311,"date":"2022-11-07T14:08:07","date_gmt":"2025-01-08T11:29:17","guid":{"rendered":"https:\/\/kingarms.ee\/product\/bipod-d-grip-ambi-leapers\/"},"modified":"2025-01-08T14:29:17","modified_gmt":"2025-01-08T11:29:17","slug":"bipod-d-grip-ambi-leapers","status":"publish","type":"product","link":"https:\/\/kingarms.ee\/lt\/product\/bipod-d-grip-ambi-leapers\/","title":{"rendered":"\u201eBipod D-Grip Ambi\u201c [Leapers]"},"content":{"rendered":"","protected":false},"excerpt":{"rendered":"<p>\u201eBipod D-Grip Ambi\u201c [Leapers]<\/p>\n<p>\u201eLeapers\u201c sulankstomi D-Grip Ambi Bipod yra patogaus taktinio sukibimo ir sulankstomo bipodo derinys. Formuotas D-Grip sukibimas beveik visi\u0161kai pagamintas i\u0161 metalo, kuris patyr\u0117 sunk\u0173 anodavimo proces\u0105, taip u\u017etikrinant didel\u012f atsparum\u0105 \u012fbr\u0117\u017eimams ir dilimui. Guminiai pavir\u0161iai su neslystan\u010diu pavir\u0161iumi, padidinkite valdym\u0105 ir komfort\u0105 laikydami ginkl\u0105.<\/p>\n","protected":false},"featured_media":125181,"template":"","meta":{"_acf_changed":false},"product_brand":[],"product_cat":[1178],"product_tag":[],"class_list":{"0":"post-143311","1":"product","2":"type-product","3":"status-publish","4":"has-post-thumbnail","6":"product_cat-bipodai","8":"first","9":"instock","10":"purchasable","11":"product-type-simple"},"acf":[],"_links":{"self":[{"href":"https:\/\/kingarms.ee\/lt\/wp-json\/wp\/v2\/product\/143311","targetHints":{"allow":["GET"]}}],"collection":[{"href":"https:\/\/kingarms.ee\/lt\/wp-json\/wp\/v2\/product"}],"about":[{"href":"https:\/\/kingarms.ee\/lt\/wp-json\/wp\/v2\/types\/product"}],"wp:featuredmedia":[{"embeddable":true,"href":"https:\/\/kingarms.ee\/lt\/wp-json\/wp\/v2\/media\/125181"}],"wp:attachment":[{"href":"https:\/\/kingarms.ee\/lt\/wp-json\/wp\/v2\/media?parent=143311"}],"wp:term":[{"taxonomy":"product_brand","embeddable":true,"href":"https:\/\/kingarms.ee\/lt\/wp-json\/wp\/v2\/product_brand?post=143311"},{"taxonomy":"product_cat","embeddable":true,"href":"https:\/\/kingarms.ee\/lt\/wp-json\/wp\/v2\/product_cat?post=143311"},{"taxonomy":"product_tag","embeddable":true,"href":"https:\/\/kingarms.ee\/lt\/wp-json\/wp\/v2\/product_tag?post=143311"}],"curies":[{"name":"wp","href":"https:\/\/api.w.org\/{rel}","templated":true}]}}