{"id":143315,"date":"2022-11-07T14:08:07","date_gmt":"2025-01-08T11:31:39","guid":{"rendered":"https:\/\/kingarms.ee\/product\/auksciausiasis-pro-sordinas\/"},"modified":"2025-01-08T14:31:39","modified_gmt":"2025-01-08T11:31:39","slug":"supreme-pro-sordin","status":"publish","type":"product","link":"https:\/\/kingarms.ee\/lt\/product\/supreme-pro-sordin\/","title":{"rendered":"Auk\u0161\u010diausiasis Pro Sordinas"},"content":{"rendered":"","protected":false},"excerpt":{"rendered":"<p>Auk\u0161\u010diausiasis Pro Sordinas<br \/>\nStiprina ne kenksmingus garsus net keturis kartus, tuo pa\u010diu blokuodami kenksmingus garsus (pvz., Gunblast)<br \/>\nIndividualus \u012fjungtas\/i\u0161jungtas ir t\u016brio valdymas<br \/>\nPad\u0117tyta galvos apdangalas ir mink\u0161tas, putplas\u010dio u\u017epildytos ausies pagalv\u0117l\u0117s<br \/>\nDu mikrofonai stereofoniniam garsui<br \/>\nAux \u012fvestis prijungti i\u0161orin\u012f garso \u0161altin\u012f: vir\u0161 galvos apsaugos lygio: NRR = 18DB<br \/>\nSuspaudimo technologija slopina gars\u0105 vir\u0161 82 dB \u201eMaximumbattery\u201c tipas ir skai\u010dius: trys AAAbatteres pridedamos: Taip<\/p>\n","protected":false},"featured_media":125205,"template":"","meta":{"_acf_changed":false},"product_brand":[],"product_cat":[1160],"product_tag":[],"class_list":{"0":"post-143315","1":"product","2":"type-product","3":"status-publish","4":"has-post-thumbnail","6":"product_cat-aktyvios-ausines","8":"first","9":"instock","10":"purchasable","11":"product-type-simple"},"acf":[],"_links":{"self":[{"href":"https:\/\/kingarms.ee\/lt\/wp-json\/wp\/v2\/product\/143315","targetHints":{"allow":["GET"]}}],"collection":[{"href":"https:\/\/kingarms.ee\/lt\/wp-json\/wp\/v2\/product"}],"about":[{"href":"https:\/\/kingarms.ee\/lt\/wp-json\/wp\/v2\/types\/product"}],"wp:featuredmedia":[{"embeddable":true,"href":"https:\/\/kingarms.ee\/lt\/wp-json\/wp\/v2\/media\/125205"}],"wp:attachment":[{"href":"https:\/\/kingarms.ee\/lt\/wp-json\/wp\/v2\/media?parent=143315"}],"wp:term":[{"taxonomy":"product_brand","embeddable":true,"href":"https:\/\/kingarms.ee\/lt\/wp-json\/wp\/v2\/product_brand?post=143315"},{"taxonomy":"product_cat","embeddable":true,"href":"https:\/\/kingarms.ee\/lt\/wp-json\/wp\/v2\/product_cat?post=143315"},{"taxonomy":"product_tag","embeddable":true,"href":"https:\/\/kingarms.ee\/lt\/wp-json\/wp\/v2\/product_tag?post=143315"}],"curies":[{"name":"wp","href":"https:\/\/api.w.org\/{rel}","templated":true}]}}