{"id":143318,"date":"2022-11-07T14:08:07","date_gmt":"2022-11-07T11:08:07","guid":{"rendered":"https:\/\/kingarms.ee\/product\/x2-saudymo-atlikimo-mokymo-sistema-mantis\/"},"modified":"2025-01-08T14:32:50","modified_gmt":"2025-01-08T11:32:50","slug":"mantis-x2-shooting-performance-training-system","status":"publish","type":"product","link":"https:\/\/kingarms.ee\/lt\/product\/mantis-x2-shooting-performance-training-system\/","title":{"rendered":"X2 \u0161audymo atlikimo mokymo sistema mantis"},"content":{"rendered":"","protected":false},"excerpt":{"rendered":"<p>X2 Fotografavimo treniruo\u010di\u0173 sistema \u201eMantis\u201c \u201eMantis X2\u201c yra prietaisas, kuris, pritvirtintas ant ilgo ar trumpo ginklo (ant 22 mm picatinny b\u0117gio), analizuoja ginklo jud\u0117jimo diapazon\u0105, traukdamas \u017eemyn \u012f triger\u012f lie\u017euv\u012f, aptinka \u0161audym\u0105 \u012f \u0161audym\u0105 \u012f \u0161audym\u0105 \u012f \u0161audym\u0105 \u012f \u0161audym\u0105 \u012f \u0161audym\u0105 \u012f. Ginklas ir ai\u0161kiai nurodo m\u016bs\u0173 padarytas \u0161audymo klaidas. Sistema sugauna m\u016bs\u0173 tr\u016bkumus ir pateikia verting\u0173 patarim\u0173, kaip pagerinti m\u016bs\u0173 \u0161audymo varikl\u012f ir technik\u0105. \u201eMantisx\u201c yra asmeninis treneris, kuris veiksmingai palaiko mokymus net namuose. \u012erenginys n\u0117ra sinchronizuotas su taikiniu tik su ginklu, ant kurio jis montuojamas, o tai garantuoja auk\u0161\u010diausi\u0105 matavimo tikslum\u0105. Norint valdyti \u201eMantis X2\u201c sistem\u0105, reikalingas i\u0161manusis telefonas\/plan\u0161etinis kompiuteris su nemokama programa (atsisiun\u010diama \u201eAndroid\u201c ir \u201eiOS\u201c platformoms). \u012ekrovimo \u012frenginys suteikia iki 20 valand\u0173 nuolatinio eksploatavimo! Jis gali b\u016bti apmokestinamas su pagrindiniu \u012fkrovikliu arba naudojant \u201ePowet Bank\u201c. \u201eMantis X2\u201c yra veiksminga mokymo sistema pradedantiesiems ir pa\u017eengusiems \u0161auliams, leid\u017eianti mums akimirksniu sugauti padarytas klaidas ir nustatyti veiksmingus \u0161i\u0173 problem\u0173 sprendimus.<\/p>\n","protected":false},"featured_media":125127,"template":"","meta":{"_acf_changed":false},"product_brand":[],"product_cat":[1162],"product_tag":[],"class_list":{"0":"post-143318","1":"product","2":"type-product","3":"status-publish","4":"has-post-thumbnail","6":"product_cat-saudymo-treniruotes","8":"first","9":"outofstock","10":"sale","11":"purchasable","12":"product-type-simple"},"acf":[],"_links":{"self":[{"href":"https:\/\/kingarms.ee\/lt\/wp-json\/wp\/v2\/product\/143318","targetHints":{"allow":["GET"]}}],"collection":[{"href":"https:\/\/kingarms.ee\/lt\/wp-json\/wp\/v2\/product"}],"about":[{"href":"https:\/\/kingarms.ee\/lt\/wp-json\/wp\/v2\/types\/product"}],"wp:featuredmedia":[{"embeddable":true,"href":"https:\/\/kingarms.ee\/lt\/wp-json\/wp\/v2\/media\/125127"}],"wp:attachment":[{"href":"https:\/\/kingarms.ee\/lt\/wp-json\/wp\/v2\/media?parent=143318"}],"wp:term":[{"taxonomy":"product_brand","embeddable":true,"href":"https:\/\/kingarms.ee\/lt\/wp-json\/wp\/v2\/product_brand?post=143318"},{"taxonomy":"product_cat","embeddable":true,"href":"https:\/\/kingarms.ee\/lt\/wp-json\/wp\/v2\/product_cat?post=143318"},{"taxonomy":"product_tag","embeddable":true,"href":"https:\/\/kingarms.ee\/lt\/wp-json\/wp\/v2\/product_tag?post=143318"}],"curies":[{"name":"wp","href":"https:\/\/api.w.org\/{rel}","templated":true}]}}