{"id":143323,"date":"2022-11-07T14:08:07","date_gmt":"2025-01-08T11:36:28","guid":{"rendered":"https:\/\/kingarms.ee\/product\/bipod-recon-flex-8-12-lauzai\/"},"modified":"2025-01-08T14:36:28","modified_gmt":"2025-01-08T11:36:28","slug":"bipod-recon-flex-8-12-leapers","status":"publish","type":"product","link":"https:\/\/kingarms.ee\/lt\/product\/bipod-recon-flex-8-12-leapers\/","title":{"rendered":"\u201eBipod Recon Flex 8-12\u201c lau\u017eai"},"content":{"rendered":"","protected":false},"excerpt":{"rendered":"<p>\u201eBipod Recon Flex\u201c 8-12 \u201eLeapers\u201c \u0161uoliai, sulankstantys \u201eBipod Recon Flex 8-12\u201c, \u201eKeymod\u201c yra lengvas dvipusis su fiksavimu 5 pad\u0117tyse, pritvirtintas prie ginkl\u0173 su \u201eKeymod\u201c sistema. Bipod yra pagamintas i\u0161 lengvo, tvirto orlaivio aliuminio su matiniu apdaila. \u201eBipod\u201c montuoja ant dviej\u0173 rankenos pusi\u0173 3 valand\u0105 ir 9 valand\u0105.<\/p>\n","protected":false},"featured_media":125175,"template":"","meta":{"_acf_changed":false},"product_brand":[],"product_cat":[1178],"product_tag":[],"class_list":{"0":"post-143323","1":"product","2":"type-product","3":"status-publish","4":"has-post-thumbnail","6":"product_cat-bipodai","8":"first","9":"instock","10":"purchasable","11":"product-type-simple"},"acf":[],"_links":{"self":[{"href":"https:\/\/kingarms.ee\/lt\/wp-json\/wp\/v2\/product\/143323","targetHints":{"allow":["GET"]}}],"collection":[{"href":"https:\/\/kingarms.ee\/lt\/wp-json\/wp\/v2\/product"}],"about":[{"href":"https:\/\/kingarms.ee\/lt\/wp-json\/wp\/v2\/types\/product"}],"wp:featuredmedia":[{"embeddable":true,"href":"https:\/\/kingarms.ee\/lt\/wp-json\/wp\/v2\/media\/125175"}],"wp:attachment":[{"href":"https:\/\/kingarms.ee\/lt\/wp-json\/wp\/v2\/media?parent=143323"}],"wp:term":[{"taxonomy":"product_brand","embeddable":true,"href":"https:\/\/kingarms.ee\/lt\/wp-json\/wp\/v2\/product_brand?post=143323"},{"taxonomy":"product_cat","embeddable":true,"href":"https:\/\/kingarms.ee\/lt\/wp-json\/wp\/v2\/product_cat?post=143323"},{"taxonomy":"product_tag","embeddable":true,"href":"https:\/\/kingarms.ee\/lt\/wp-json\/wp\/v2\/product_tag?post=143323"}],"curies":[{"name":"wp","href":"https:\/\/api.w.org\/{rel}","templated":true}]}}