{"id":143325,"date":"2022-11-07T14:08:07","date_gmt":"2025-01-08T11:37:09","guid":{"rendered":"https:\/\/kingarms.ee\/product\/bipod-qd-suoliai\/"},"modified":"2025-01-08T14:37:09","modified_gmt":"2025-01-08T11:37:09","slug":"bipod-qd-leapers","status":"publish","type":"product","link":"https:\/\/kingarms.ee\/lt\/product\/bipod-qd-leapers\/","title":{"rendered":"\u201eBipod QD\u201c \u0161uoliai"},"content":{"rendered":"","protected":false},"excerpt":{"rendered":"<p>\u201eBipod QD\u201c \u0161okin\u0117ja \u201eThe Leapers\u201c sulankstant gumos \u0161arvuot\u0105 \u201eQD Bipod\u201c yra tvirtas dvipusis su gumin\u0117mis kojomis, galimyb\u0117 u\u017efiksuoti 5 pozicijas ir adapteris, skirtas pritvirtinti prie \u0161autuvo u\u017epakalio. BIPOD turi tvirt\u0105 metalin\u0119 konstrukcij\u0105, tod\u0117l jis gali b\u016bti naudojamas sunkiausiomis s\u0105lygomis. D\u0117l u\u017erakinamos QD (\u201eQuick Desach\u201c) svirties reikia vos keli\u0173 sekund\u017ei\u0173, kol \u201eBipod\u201c pagrindas yra pritvirtintas ant \u201ePicatinny\u201c ar \u201eWeaver\u201c b\u0117gio. Kilnojamojo tvirtinimo pagrindas leid\u017eia pasiekti 15 \u00b0. Komplekte taip pat yra visas adapteris, leid\u017eiantis pritvirtinti BIPOD ant ginkl\u0173, turin\u010di\u0173 standartin\u012f dvigub\u0105.<\/p>\n","protected":false},"featured_media":125169,"template":"","meta":{"_acf_changed":false},"product_brand":[],"product_cat":[1178],"product_tag":[],"class_list":{"0":"post-143325","1":"product","2":"type-product","3":"status-publish","4":"has-post-thumbnail","6":"product_cat-bipodai","8":"first","9":"instock","10":"purchasable","11":"product-type-simple"},"acf":[],"_links":{"self":[{"href":"https:\/\/kingarms.ee\/lt\/wp-json\/wp\/v2\/product\/143325","targetHints":{"allow":["GET"]}}],"collection":[{"href":"https:\/\/kingarms.ee\/lt\/wp-json\/wp\/v2\/product"}],"about":[{"href":"https:\/\/kingarms.ee\/lt\/wp-json\/wp\/v2\/types\/product"}],"wp:featuredmedia":[{"embeddable":true,"href":"https:\/\/kingarms.ee\/lt\/wp-json\/wp\/v2\/media\/125169"}],"wp:attachment":[{"href":"https:\/\/kingarms.ee\/lt\/wp-json\/wp\/v2\/media?parent=143325"}],"wp:term":[{"taxonomy":"product_brand","embeddable":true,"href":"https:\/\/kingarms.ee\/lt\/wp-json\/wp\/v2\/product_brand?post=143325"},{"taxonomy":"product_cat","embeddable":true,"href":"https:\/\/kingarms.ee\/lt\/wp-json\/wp\/v2\/product_cat?post=143325"},{"taxonomy":"product_tag","embeddable":true,"href":"https:\/\/kingarms.ee\/lt\/wp-json\/wp\/v2\/product_tag?post=143325"}],"curies":[{"name":"wp","href":"https:\/\/api.w.org\/{rel}","templated":true}]}}