{"id":143327,"date":"2022-11-07T12:25:53","date_gmt":"2025-01-08T11:38:41","guid":{"rendered":"https:\/\/kingarms.ee\/product\/savarankiskai-ikaitinta-latte-42-degrees\/"},"modified":"2025-01-08T14:38:41","modified_gmt":"2025-01-08T11:38:41","slug":"self-heated-cappuccino-42-degrees-copy","status":"publish","type":"product","link":"https:\/\/kingarms.ee\/lt\/product\/self-heated-cappuccino-42-degrees-copy\/","title":{"rendered":"Savaranki\u0161kai \u012fkaitinta latte [42 Degrees]"},"content":{"rendered":"","protected":false},"excerpt":{"rendered":"<p>Savaranki\u0161kai \u012fkaitinta latte [42 Degrees]<\/p>\n<p>\u0160is savaranki\u0161kai \u0161ildantis \u201eCaff\u00e8 Latte\u201c suteikia jums skan\u0173 tradicin\u012f \u201eArabica\u201c kavos su pienu skon\u012f.<\/p>\n<h3>HIGH-QUALITY BEVERAGE IN A SELF-HEATING PATENTED CAN<\/h3>\n<p>The 42 degrees patented self-heating system raises the temperature of the drink by + 42 \u00b0 C above the starting temperature in about 3 minutes: END TEMPERATURE = INITIAL T. + 42 \u00b0 C. It stays warm at the maximum temperature for about 20 minutes. Wherever you are, a hot drink is waiting for you.<\/p>\n<h3>HOW IT WORKS.<\/h3>\n<p>A controlled exothermic natural reaction takes place in the inner can between lime and colored water as soon as you press down on the bottom of the can. The heat is easily transferred to the beverage thanks to the thermal conductivity of the can. As a result, the can heats itself and is ready to drink within 3 minutes and stays at temperature for 20 minutes.  <\/p>\n","protected":false},"featured_media":125107,"template":"","meta":{"_acf_changed":false},"product_brand":[],"product_cat":[1249],"product_tag":[],"class_list":{"0":"post-143327","1":"product","2":"type-product","3":"status-publish","4":"has-post-thumbnail","6":"product_cat-savarankiskai-sildantis-gerimas","8":"first","9":"outofstock","10":"sale","11":"taxable","12":"shipping-taxable","13":"purchasable","14":"product-type-simple"},"acf":[],"_links":{"self":[{"href":"https:\/\/kingarms.ee\/lt\/wp-json\/wp\/v2\/product\/143327","targetHints":{"allow":["GET"]}}],"collection":[{"href":"https:\/\/kingarms.ee\/lt\/wp-json\/wp\/v2\/product"}],"about":[{"href":"https:\/\/kingarms.ee\/lt\/wp-json\/wp\/v2\/types\/product"}],"wp:featuredmedia":[{"embeddable":true,"href":"https:\/\/kingarms.ee\/lt\/wp-json\/wp\/v2\/media\/125107"}],"wp:attachment":[{"href":"https:\/\/kingarms.ee\/lt\/wp-json\/wp\/v2\/media?parent=143327"}],"wp:term":[{"taxonomy":"product_brand","embeddable":true,"href":"https:\/\/kingarms.ee\/lt\/wp-json\/wp\/v2\/product_brand?post=143327"},{"taxonomy":"product_cat","embeddable":true,"href":"https:\/\/kingarms.ee\/lt\/wp-json\/wp\/v2\/product_cat?post=143327"},{"taxonomy":"product_tag","embeddable":true,"href":"https:\/\/kingarms.ee\/lt\/wp-json\/wp\/v2\/product_tag?post=143327"}],"curies":[{"name":"wp","href":"https:\/\/api.w.org\/{rel}","templated":true}]}}