{"id":143334,"date":"2022-10-31T15:13:51","date_gmt":"2025-01-08T11:47:58","guid":{"rendered":"https:\/\/kingarms.ee\/product\/garberg-blackblade-c-su-daugialypiu-apvalkalu-morakniv\/"},"modified":"2025-01-08T14:47:58","modified_gmt":"2025-01-08T11:47:58","slug":"garberg-blackblade-c-with-multi-mount-sheath-morakniv","status":"publish","type":"product","link":"https:\/\/kingarms.ee\/lt\/product\/garberg-blackblade-c-with-multi-mount-sheath-morakniv\/","title":{"rendered":"Garberg Blackblade C su daugialypiu apvalkalu \u201eMorakniv\u201c"},"content":{"rendered":"","protected":false},"excerpt":{"rendered":"<p>Garberg Blackblade C su daugialypiu apvalkalu \u201eMorakniv\u201c<\/p>\n<p>A\u0161men\u0173 med\u017eiaga: anglies plienas<br \/>\nRankenos med\u017eiaga: poliamidas<br \/>\nA\u0161men\u0173 ilgis: 109 mm<br \/>\nA\u0161men\u0173 storis: 3,2 mm<br \/>\nPeilio ilgis: 229 mm<br \/>\nGrynasis svoris: 240 g<\/p>\n","protected":false},"featured_media":125045,"template":"","meta":{"_acf_changed":false},"product_brand":[],"product_cat":[1261,1259],"product_tag":[],"class_list":{"0":"post-143334","1":"product","2":"type-product","3":"status-publish","4":"has-post-thumbnail","6":"product_cat-keliones-peiliai","7":"product_cat-peiliai","9":"first","10":"instock","11":"sale","12":"purchasable","13":"product-type-simple"},"acf":[],"_links":{"self":[{"href":"https:\/\/kingarms.ee\/lt\/wp-json\/wp\/v2\/product\/143334","targetHints":{"allow":["GET"]}}],"collection":[{"href":"https:\/\/kingarms.ee\/lt\/wp-json\/wp\/v2\/product"}],"about":[{"href":"https:\/\/kingarms.ee\/lt\/wp-json\/wp\/v2\/types\/product"}],"wp:featuredmedia":[{"embeddable":true,"href":"https:\/\/kingarms.ee\/lt\/wp-json\/wp\/v2\/media\/125045"}],"wp:attachment":[{"href":"https:\/\/kingarms.ee\/lt\/wp-json\/wp\/v2\/media?parent=143334"}],"wp:term":[{"taxonomy":"product_brand","embeddable":true,"href":"https:\/\/kingarms.ee\/lt\/wp-json\/wp\/v2\/product_brand?post=143334"},{"taxonomy":"product_cat","embeddable":true,"href":"https:\/\/kingarms.ee\/lt\/wp-json\/wp\/v2\/product_cat?post=143334"},{"taxonomy":"product_tag","embeddable":true,"href":"https:\/\/kingarms.ee\/lt\/wp-json\/wp\/v2\/product_tag?post=143334"}],"curies":[{"name":"wp","href":"https:\/\/api.w.org\/{rel}","templated":true}]}}