{"id":143342,"date":"2022-10-26T23:45:44","date_gmt":"2025-01-08T11:53:30","guid":{"rendered":"https:\/\/kingarms.ee\/product\/rmr-raudonojo-tasko-vektoriaus-optikos-montavimas\/"},"modified":"2025-01-08T14:53:30","modified_gmt":"2025-01-08T11:53:30","slug":"mount-for-rmr-red-dot-vector-optics","status":"publish","type":"product","link":"https:\/\/kingarms.ee\/lt\/product\/mount-for-rmr-red-dot-vector-optics\/","title":{"rendered":"RMR raudonojo ta\u0161ko vektoriaus optikos montavimas"},"content":{"rendered":"","protected":false},"excerpt":{"rendered":"<p>\u201eRMR Red Dot Vector Optics Ofsset\u201c montavimo montavimas po RMR raudonojo ta\u0161ko \u017evilgsniu, skirtu AR platformai. I\u0161 gamintojo \u201eVekt\u201c gynybos. Tai yra pagalbini\u0173 kryp\u010di\u0173 pagrindas su optiniais instrumentais, naudojamais kaip pagrindiniai. Pagaminta i\u0161 anoduoto aliuminio 6063-T6, CNC sumaltas. To d\u0117ka tai yra tvirta ir tuo pat metu paprastas ir lengvas surinkimas.<\/p>\n","protected":false},"featured_media":125008,"template":"","meta":{"_acf_changed":false},"product_brand":[],"product_cat":[1169],"product_tag":[],"class_list":{"0":"post-143342","1":"product","2":"type-product","3":"status-publish","4":"has-post-thumbnail","6":"product_cat-tvirtinimo-elementai","8":"first","9":"instock","10":"purchasable","11":"product-type-simple"},"acf":[],"_links":{"self":[{"href":"https:\/\/kingarms.ee\/lt\/wp-json\/wp\/v2\/product\/143342","targetHints":{"allow":["GET"]}}],"collection":[{"href":"https:\/\/kingarms.ee\/lt\/wp-json\/wp\/v2\/product"}],"about":[{"href":"https:\/\/kingarms.ee\/lt\/wp-json\/wp\/v2\/types\/product"}],"wp:featuredmedia":[{"embeddable":true,"href":"https:\/\/kingarms.ee\/lt\/wp-json\/wp\/v2\/media\/125008"}],"wp:attachment":[{"href":"https:\/\/kingarms.ee\/lt\/wp-json\/wp\/v2\/media?parent=143342"}],"wp:term":[{"taxonomy":"product_brand","embeddable":true,"href":"https:\/\/kingarms.ee\/lt\/wp-json\/wp\/v2\/product_brand?post=143342"},{"taxonomy":"product_cat","embeddable":true,"href":"https:\/\/kingarms.ee\/lt\/wp-json\/wp\/v2\/product_cat?post=143342"},{"taxonomy":"product_tag","embeddable":true,"href":"https:\/\/kingarms.ee\/lt\/wp-json\/wp\/v2\/product_tag?post=143342"}],"curies":[{"name":"wp","href":"https:\/\/api.w.org\/{rel}","templated":true}]}}