{"id":143348,"date":"2022-10-24T13:45:19","date_gmt":"2025-01-08T11:59:53","guid":{"rendered":"https:\/\/kingarms.ee\/product\/saules-jegos-bankas-5000mah-20w-xtorm\/"},"modified":"2025-01-08T14:59:53","modified_gmt":"2025-01-08T11:59:53","slug":"solar-powerbank-5000mah-20w-xtorm","status":"publish","type":"product","link":"https:\/\/kingarms.ee\/lt\/product\/solar-powerbank-5000mah-20w-xtorm\/","title":{"rendered":"Saul\u0117s j\u0117gos bankas 5000mAh 20W xtorm"},"content":{"rendered":"","protected":false},"excerpt":{"rendered":"<p>Saul\u0117s \u201ePowerbank 5000mAh 20W Xtorm\u201c \u201eXtorm\u201c saul\u0117s \u012fkroviklis 5000 yra tvirtas lauko saul\u0117s \u012fkroviklis, pastatytas ilgam. Tai suteikia jums laisv\u0119 ir energij\u0105 eiti bet kur, tod\u0117l jis puikiai tinka visiems j\u016bs\u0173 nuotykiams. Saul\u0117s \u012fkroviklyje yra 5000 mAh li\u010dio-polimero akumuliatorius, kurio pakanka, kad j\u016bs\u0173 i\u0161manusis telefonas b\u016bt\u0173 bent du kartus \u012fkrautas. Pats saul\u0117s \u012fkroviklis gali b\u016bti \u012fkrautas dviem b\u016bdais-per USB-C arba tiesiog i\u0161ve\u017eant j\u012f \u012f lauk\u0105 ir leiskite \u012fmontuotam saul\u0117s kolektoriui atlikti savo darb\u0105.<\/p>\n","protected":false},"featured_media":124892,"template":"","meta":{"_acf_changed":false},"product_brand":[],"product_cat":[1264],"product_tag":[],"class_list":{"0":"post-143348","1":"product","2":"type-product","3":"status-publish","4":"has-post-thumbnail","6":"product_cat-galios-bankas","8":"first","9":"onbackorder","10":"product-type-simple"},"acf":[],"_links":{"self":[{"href":"https:\/\/kingarms.ee\/lt\/wp-json\/wp\/v2\/product\/143348","targetHints":{"allow":["GET"]}}],"collection":[{"href":"https:\/\/kingarms.ee\/lt\/wp-json\/wp\/v2\/product"}],"about":[{"href":"https:\/\/kingarms.ee\/lt\/wp-json\/wp\/v2\/types\/product"}],"wp:featuredmedia":[{"embeddable":true,"href":"https:\/\/kingarms.ee\/lt\/wp-json\/wp\/v2\/media\/124892"}],"wp:attachment":[{"href":"https:\/\/kingarms.ee\/lt\/wp-json\/wp\/v2\/media?parent=143348"}],"wp:term":[{"taxonomy":"product_brand","embeddable":true,"href":"https:\/\/kingarms.ee\/lt\/wp-json\/wp\/v2\/product_brand?post=143348"},{"taxonomy":"product_cat","embeddable":true,"href":"https:\/\/kingarms.ee\/lt\/wp-json\/wp\/v2\/product_cat?post=143348"},{"taxonomy":"product_tag","embeddable":true,"href":"https:\/\/kingarms.ee\/lt\/wp-json\/wp\/v2\/product_tag?post=143348"}],"curies":[{"name":"wp","href":"https:\/\/api.w.org\/{rel}","templated":true}]}}