{"id":143349,"date":"2022-10-24T13:45:19","date_gmt":"2025-01-08T12:00:49","guid":{"rendered":"https:\/\/kingarms.ee\/product\/e03r-led-zibintuvelio-fenix\/"},"modified":"2025-01-08T15:00:49","modified_gmt":"2025-01-08T12:00:49","slug":"e03r-led-flashlight-fenix","status":"publish","type":"product","link":"https:\/\/kingarms.ee\/lt\/product\/e03r-led-flashlight-fenix\/","title":{"rendered":"E03R LED \u017eibintuv\u0117lio fenix"},"content":{"rendered":"","protected":false},"excerpt":{"rendered":"<p>\u201eE03R\u201c LED \u017eibintuv\u0117lis \u201eFenix\u201c \u201eFenix E03R\u201c \u017eibintuv\u0117lis yra viena i\u0161 laukiamiausi\u0173 \u201eFenix\u201c prek\u0117s \u017eenklo naujovi\u0173 \u0161iais metais. Naujojo modelio dizaineri\u0173 id\u0117ja buvo sukurti lengv\u0105, ki\u0161en\u0117s dyd\u017eio, ta\u010diau galing\u0105 \u017eibintuv\u0117l\u012f, kuris gal\u0117t\u0173 mus nuolat lyd\u0117ti kasdien\u0117je veikloje. Rezultatas buvo \u0161viesa, sverianti vos 22 gramus, tokio dyd\u017eio automobilio nuotolinio valdymo pultas, kurio maksimalus 260 liumen\u0173 srautas ap\u0161vie\u010dia erdv\u0119 daugiau nei 40 metr\u0173 atstumu.<\/p>\n","protected":false},"featured_media":124945,"template":"","meta":{"_acf_changed":false},"product_brand":[],"product_cat":[1173],"product_tag":[],"class_list":{"0":"post-143349","1":"product","2":"type-product","3":"status-publish","4":"has-post-thumbnail","6":"product_cat-zibintuvelis","8":"first","9":"instock","10":"purchasable","11":"product-type-simple"},"acf":[],"_links":{"self":[{"href":"https:\/\/kingarms.ee\/lt\/wp-json\/wp\/v2\/product\/143349","targetHints":{"allow":["GET"]}}],"collection":[{"href":"https:\/\/kingarms.ee\/lt\/wp-json\/wp\/v2\/product"}],"about":[{"href":"https:\/\/kingarms.ee\/lt\/wp-json\/wp\/v2\/types\/product"}],"wp:featuredmedia":[{"embeddable":true,"href":"https:\/\/kingarms.ee\/lt\/wp-json\/wp\/v2\/media\/124945"}],"wp:attachment":[{"href":"https:\/\/kingarms.ee\/lt\/wp-json\/wp\/v2\/media?parent=143349"}],"wp:term":[{"taxonomy":"product_brand","embeddable":true,"href":"https:\/\/kingarms.ee\/lt\/wp-json\/wp\/v2\/product_brand?post=143349"},{"taxonomy":"product_cat","embeddable":true,"href":"https:\/\/kingarms.ee\/lt\/wp-json\/wp\/v2\/product_cat?post=143349"},{"taxonomy":"product_tag","embeddable":true,"href":"https:\/\/kingarms.ee\/lt\/wp-json\/wp\/v2\/product_tag?post=143349"}],"curies":[{"name":"wp","href":"https:\/\/api.w.org\/{rel}","templated":true}]}}