{"id":143354,"date":"2022-10-24T12:11:38","date_gmt":"2025-01-08T12:03:59","guid":{"rendered":"https:\/\/kingarms.ee\/product\/jav-ww2-pakabos-8-laukai\/"},"modified":"2025-01-08T15:03:59","modified_gmt":"2025-01-08T12:03:59","slug":"us-ww2-suspenders-8fields","status":"publish","type":"product","link":"https:\/\/kingarms.ee\/lt\/product\/us-ww2-suspenders-8fields\/","title":{"rendered":"JAV WW2 pakabos 8 laukai"},"content":{"rendered":"","protected":false},"excerpt":{"rendered":"<p>JAV WW2 petne\u0161os 8 fieldai yra Amerikos M36 pe\u010di\u0173 dir\u017eeli\u0173 atk\u016brimas \u012frangos ne\u0161imui. Jis pagamintas i\u0161 tvirtos medvilnin\u0117s drob\u0117s su didelio stiprumo plienine \u012franga. Idealiai tinka rekonstruoti JAV karinius vienetus ir giminingus nuo Antrojo pasaulinio karo ir Kor\u0117jos karo. \u201e8fields Classic Line\u201c taktin\u0117s \u012frangos elementai yra pagr\u012fsti originalia JAV armijos kareivi\u0173, naudojam\u0173 Antrojo pasaulinio karo metu, \u012franga. Atminkite, kad dauguma pistolet\u0173, \u0161autuv\u0173, \u017eurnal\u0173 ir kt. \u201eAirSoft\u201c kopij\u0173 neturi originali\u0173 matmen\u0173.<\/p>\n","protected":false},"featured_media":124829,"template":"","meta":{"_acf_changed":false},"product_brand":[],"product_cat":[1232],"product_tag":[],"class_list":{"0":"post-143354","1":"product","2":"type-product","3":"status-publish","4":"has-post-thumbnail","6":"product_cat-ipsc-dirzai","8":"first","9":"instock","10":"taxable","11":"shipping-taxable","12":"purchasable","13":"product-type-simple"},"acf":[],"_links":{"self":[{"href":"https:\/\/kingarms.ee\/lt\/wp-json\/wp\/v2\/product\/143354","targetHints":{"allow":["GET"]}}],"collection":[{"href":"https:\/\/kingarms.ee\/lt\/wp-json\/wp\/v2\/product"}],"about":[{"href":"https:\/\/kingarms.ee\/lt\/wp-json\/wp\/v2\/types\/product"}],"wp:featuredmedia":[{"embeddable":true,"href":"https:\/\/kingarms.ee\/lt\/wp-json\/wp\/v2\/media\/124829"}],"wp:attachment":[{"href":"https:\/\/kingarms.ee\/lt\/wp-json\/wp\/v2\/media?parent=143354"}],"wp:term":[{"taxonomy":"product_brand","embeddable":true,"href":"https:\/\/kingarms.ee\/lt\/wp-json\/wp\/v2\/product_brand?post=143354"},{"taxonomy":"product_cat","embeddable":true,"href":"https:\/\/kingarms.ee\/lt\/wp-json\/wp\/v2\/product_cat?post=143354"},{"taxonomy":"product_tag","embeddable":true,"href":"https:\/\/kingarms.ee\/lt\/wp-json\/wp\/v2\/product_tag?post=143354"}],"curies":[{"name":"wp","href":"https:\/\/api.w.org\/{rel}","templated":true}]}}