{"id":143359,"date":"2022-10-10T15:26:23","date_gmt":"2025-01-08T12:41:44","guid":{"rendered":"https:\/\/kingarms.ee\/product\/raudonas-taskas-2x-mastelio-keitimas-42-mm-objektyvas-js-taktinis\/"},"modified":"2025-01-08T15:41:44","modified_gmt":"2025-01-08T12:41:44","slug":"red-dot-2x-zoom-42mm-lens-js-tactical","status":"publish","type":"product","link":"https:\/\/kingarms.ee\/lt\/product\/red-dot-2x-zoom-42mm-lens-js-tactical\/","title":{"rendered":"Raudonas ta\u0161kas 2x mastelio keitimas 42 mm objektyvas js-taktinis"},"content":{"rendered":"","protected":false},"excerpt":{"rendered":"<p>Raudonas ta\u0161kas 2x mastelio keitimas 42 mm objektyvas js-taktinis<\/p>\n<p>Raudonas ta\u0161kas pilnas metalas<br \/>\n42 mm objektyvas<br \/>\nfiksuotas 2x mastelio keitimas<br \/>\nRaudonas arba \u017ealias ta\u0161kas su 5 intensyvumo lygiais<br \/>\nReguliuojamas v\u0117jelis ir auk\u0161tis<br \/>\nTiesioginis standartini\u0173 20 mm b\u0117gi\u0173 laikiklis<br \/>\nB\u0117giai papildomiems priedams<br \/>\nantireflekso l\u0119\u0161is<br \/>\nApsaugos dangteliai<br \/>\nIlgis 174 mm<br \/>\nSvoris 270 g<br \/>\nSm\u016bgio \u012frodymas ir r\u016bko \u012frodymas<\/p>\n","protected":false},"featured_media":134319,"template":"","meta":{"_acf_changed":false},"product_brand":[],"product_cat":[1205],"product_tag":[],"class_list":{"0":"post-143359","1":"product","2":"type-product","3":"status-publish","4":"has-post-thumbnail","6":"product_cat-vaizdai-lt","8":"first","9":"instock","10":"purchasable","11":"product-type-simple"},"acf":[],"_links":{"self":[{"href":"https:\/\/kingarms.ee\/lt\/wp-json\/wp\/v2\/product\/143359","targetHints":{"allow":["GET"]}}],"collection":[{"href":"https:\/\/kingarms.ee\/lt\/wp-json\/wp\/v2\/product"}],"about":[{"href":"https:\/\/kingarms.ee\/lt\/wp-json\/wp\/v2\/types\/product"}],"wp:featuredmedia":[{"embeddable":true,"href":"https:\/\/kingarms.ee\/lt\/wp-json\/wp\/v2\/media\/134319"}],"wp:attachment":[{"href":"https:\/\/kingarms.ee\/lt\/wp-json\/wp\/v2\/media?parent=143359"}],"wp:term":[{"taxonomy":"product_brand","embeddable":true,"href":"https:\/\/kingarms.ee\/lt\/wp-json\/wp\/v2\/product_brand?post=143359"},{"taxonomy":"product_cat","embeddable":true,"href":"https:\/\/kingarms.ee\/lt\/wp-json\/wp\/v2\/product_cat?post=143359"},{"taxonomy":"product_tag","embeddable":true,"href":"https:\/\/kingarms.ee\/lt\/wp-json\/wp\/v2\/product_tag?post=143359"}],"curies":[{"name":"wp","href":"https:\/\/api.w.org\/{rel}","templated":true}]}}