{"id":143361,"date":"2022-10-10T15:26:23","date_gmt":"2025-01-08T12:42:31","guid":{"rendered":"https:\/\/kingarms.ee\/product\/mini-raudonas-taskas-juodas-js-taktinis\/"},"modified":"2025-01-08T15:42:31","modified_gmt":"2025-01-08T12:42:31","slug":"mini-red-dot-black-js-tactical","status":"publish","type":"product","link":"https:\/\/kingarms.ee\/lt\/product\/mini-red-dot-black-js-tactical\/","title":{"rendered":"Mini raudonas ta\u0161kas juodas js taktinis"},"content":{"rendered":"","protected":false},"excerpt":{"rendered":"<p>Mini raudonas ta\u0161kas juodas js taktinis<\/p>\n<p>Mini raudonas ta\u0161kas<br \/>\nAliuminio konstrukcija<br \/>\nJis gali b\u016bti naudojamas ant \u0161autuv\u0173 ir pistolet\u0173<br \/>\narba kartu su padidinimo apimtimis<br \/>\nRaudonas ta\u0161kas su 5 reguliuojamais intensyvumo lygiais<br \/>\nReguliuojamas v\u0117jelis ir auk\u0161tis<br \/>\nStandartinis 20 mm b\u0117gi\u0173 laikiklis<br \/>\n\u201eGlock\u201c serijos pistolet\u0173 montavimas (atsipalaiduoja galinio \u017evilgsnio)<br \/>\nilgis 45 mm<br \/>\nAuk\u0161tis (pridedamas laikiklis) 39 mm<br \/>\nGuminis dangtelis, skirtas integruotai apr\u0117pti<\/p>\n","protected":false},"featured_media":124143,"template":"","meta":{"_acf_changed":false},"product_brand":[],"product_cat":[1205],"product_tag":[],"class_list":{"0":"post-143361","1":"product","2":"type-product","3":"status-publish","4":"has-post-thumbnail","6":"product_cat-vaizdai-lt","8":"first","9":"instock","10":"purchasable","11":"product-type-simple"},"acf":[],"_links":{"self":[{"href":"https:\/\/kingarms.ee\/lt\/wp-json\/wp\/v2\/product\/143361","targetHints":{"allow":["GET"]}}],"collection":[{"href":"https:\/\/kingarms.ee\/lt\/wp-json\/wp\/v2\/product"}],"about":[{"href":"https:\/\/kingarms.ee\/lt\/wp-json\/wp\/v2\/types\/product"}],"wp:featuredmedia":[{"embeddable":true,"href":"https:\/\/kingarms.ee\/lt\/wp-json\/wp\/v2\/media\/124143"}],"wp:attachment":[{"href":"https:\/\/kingarms.ee\/lt\/wp-json\/wp\/v2\/media?parent=143361"}],"wp:term":[{"taxonomy":"product_brand","embeddable":true,"href":"https:\/\/kingarms.ee\/lt\/wp-json\/wp\/v2\/product_brand?post=143361"},{"taxonomy":"product_cat","embeddable":true,"href":"https:\/\/kingarms.ee\/lt\/wp-json\/wp\/v2\/product_cat?post=143361"},{"taxonomy":"product_tag","embeddable":true,"href":"https:\/\/kingarms.ee\/lt\/wp-json\/wp\/v2\/product_tag?post=143361"}],"curies":[{"name":"wp","href":"https:\/\/api.w.org\/{rel}","templated":true}]}}