{"id":143364,"date":"2022-10-10T15:26:07","date_gmt":"2025-01-08T12:46:15","guid":{"rendered":"https:\/\/kingarms.ee\/product\/dekorayvine-katana\/"},"modified":"2025-01-08T15:46:15","modified_gmt":"2025-01-08T12:46:15","slug":"ornamental-katana-18","status":"publish","type":"product","link":"https:\/\/kingarms.ee\/lt\/product\/ornamental-katana-18\/","title":{"rendered":"DeKORAYVIN\u0117 KATANA"},"content":{"rendered":"","protected":false},"excerpt":{"rendered":"<p>Dekoratyvin\u0117 katana<br \/>\n\u012ekv\u0117p\u0117 Sanemi Shinazugawa Katana<br \/>\nAnime serija \u201eKimetsu no Yaiba\u201c (\u201eDemon Slayer\u201c)<br \/>\nBambuko a\u0161menys<br \/>\nplastikinis tsuba ir tsuka<br \/>\nMedinis \u0161a\u0161lykas<br \/>\nBendras ilgis 980 mm (1030 mm su \u0161a\u0161lyku)<br \/>\nA\u0161men\u0173 ilgis 680 mm<br \/>\n\u201eTsuka\u201c ilgis 280 mm<br \/>\nSvoris 550 g su Scabbard<\/p>\n","protected":false},"featured_media":124284,"template":"","meta":{"_acf_changed":false},"product_brand":[],"product_cat":[1271],"product_tag":[],"class_list":{"0":"post-143364","1":"product","2":"type-product","3":"status-publish","4":"has-post-thumbnail","6":"product_cat-katana-tanto-lt","8":"first","9":"instock","10":"purchasable","11":"product-type-simple"},"acf":[],"_links":{"self":[{"href":"https:\/\/kingarms.ee\/lt\/wp-json\/wp\/v2\/product\/143364","targetHints":{"allow":["GET"]}}],"collection":[{"href":"https:\/\/kingarms.ee\/lt\/wp-json\/wp\/v2\/product"}],"about":[{"href":"https:\/\/kingarms.ee\/lt\/wp-json\/wp\/v2\/types\/product"}],"wp:featuredmedia":[{"embeddable":true,"href":"https:\/\/kingarms.ee\/lt\/wp-json\/wp\/v2\/media\/124284"}],"wp:attachment":[{"href":"https:\/\/kingarms.ee\/lt\/wp-json\/wp\/v2\/media?parent=143364"}],"wp:term":[{"taxonomy":"product_brand","embeddable":true,"href":"https:\/\/kingarms.ee\/lt\/wp-json\/wp\/v2\/product_brand?post=143364"},{"taxonomy":"product_cat","embeddable":true,"href":"https:\/\/kingarms.ee\/lt\/wp-json\/wp\/v2\/product_cat?post=143364"},{"taxonomy":"product_tag","embeddable":true,"href":"https:\/\/kingarms.ee\/lt\/wp-json\/wp\/v2\/product_tag?post=143364"}],"curies":[{"name":"wp","href":"https:\/\/api.w.org\/{rel}","templated":true}]}}