{"id":143370,"date":"2022-10-10T15:26:07","date_gmt":"2025-01-08T12:49:03","guid":{"rendered":"https:\/\/kingarms.ee\/product\/mpls-ikrauna-taktini-salmo-lengvosios-nakties-evoliucija\/"},"modified":"2025-01-08T15:49:03","modified_gmt":"2025-01-08T12:49:03","slug":"mpls-charge-tactical-helmet-light-night-evolution","status":"publish","type":"product","link":"https:\/\/kingarms.ee\/lt\/product\/mpls-charge-tactical-helmet-light-night-evolution\/","title":{"rendered":"MPLS \u012fkrauna taktin\u012f \u0161almo lengvosios nakties evoliucij\u0105"},"content":{"rendered":"","protected":false},"excerpt":{"rendered":"<p>MPLS \u012fkrauna taktin\u012f \u0161almo lengvosios nakties evoliucij\u0105<\/p>\n<p>Taktinis \u0161almo lemput\u0117<\/p>\n<p>\u201eNight Evolution AirSoft MPLS\u201c \u012fkrovimo taktinis \u0161almo lemput\u0117 &#8211; juoda<br \/>\nPagaminta su 360 laipsni\u0173 laikikliu, \u0161almo \u0161viesa i\u0161 \u201eNight Evolution\u201c padeda esant silpnam ap\u0161vietimui ir jis pritvirtinamas prie \u201eMich\u201c tipo \u0161alm\u0173.<\/p>\n","protected":false},"featured_media":124230,"template":"","meta":{"_acf_changed":false},"product_brand":[],"product_cat":[1172],"product_tag":[],"class_list":{"0":"post-143370","1":"product","2":"type-product","3":"status-publish","4":"has-post-thumbnail","6":"product_cat-priekiniai-zibintai","8":"first","9":"instock","10":"purchasable","11":"product-type-simple"},"acf":[],"_links":{"self":[{"href":"https:\/\/kingarms.ee\/lt\/wp-json\/wp\/v2\/product\/143370","targetHints":{"allow":["GET"]}}],"collection":[{"href":"https:\/\/kingarms.ee\/lt\/wp-json\/wp\/v2\/product"}],"about":[{"href":"https:\/\/kingarms.ee\/lt\/wp-json\/wp\/v2\/types\/product"}],"wp:featuredmedia":[{"embeddable":true,"href":"https:\/\/kingarms.ee\/lt\/wp-json\/wp\/v2\/media\/124230"}],"wp:attachment":[{"href":"https:\/\/kingarms.ee\/lt\/wp-json\/wp\/v2\/media?parent=143370"}],"wp:term":[{"taxonomy":"product_brand","embeddable":true,"href":"https:\/\/kingarms.ee\/lt\/wp-json\/wp\/v2\/product_brand?post=143370"},{"taxonomy":"product_cat","embeddable":true,"href":"https:\/\/kingarms.ee\/lt\/wp-json\/wp\/v2\/product_cat?post=143370"},{"taxonomy":"product_tag","embeddable":true,"href":"https:\/\/kingarms.ee\/lt\/wp-json\/wp\/v2\/product_tag?post=143370"}],"curies":[{"name":"wp","href":"https:\/\/api.w.org\/{rel}","templated":true}]}}