{"id":143382,"date":"2022-09-25T12:14:34","date_gmt":"2025-01-08T12:54:31","guid":{"rendered":"https:\/\/kingarms.ee\/product\/kojines-juoda-oranzine\/"},"modified":"2025-01-08T15:54:31","modified_gmt":"2025-01-08T12:54:31","slug":"sokid-must-oranz","status":"publish","type":"product","link":"https:\/\/kingarms.ee\/lt\/product\/sokid-must-oranz\/","title":{"rendered":"Kojin\u0117s &#8211; juoda\/oran\u017ein\u0117"},"content":{"rendered":"<p><img loading=\"lazy\" decoding=\"async\" class=\"alignnone size-medium wp-image-61976\" src=\"https:\/\/kingarms.ee\/wp-content\/uploads\/2022\/09\/%D0%9D%D0%BE%D1%81%D0%BA%D0%B8_Remington_Hunting_Thick_Long_Socks_100_Den_Black_Orange_1-239x300.jpeg\" alt=\"\" width=\"239\" height=\"300\"><\/p>\n","protected":false},"excerpt":{"rendered":"<p>Kojin\u0117s &#8211; juodos\/oran\u017ein\u0117s Remingtono med\u017eiokl\u0117s plonos trumpos kojin\u0117s 40 Den Black\/Orange yra patogus ir prakti\u0161kas pasirinkimas med\u017eioklei, \u017evejybai, \u017eygiai \u017eygiai ir kasdien. Kojin\u0117s pagamintos i\u0161 80% medviln\u0117s, 17% poliesterio ir 3% elastano. Jie puikiai pa\u0161alina dr\u0117gm\u0119, kad bet kuriuo met\u0173 laiku nejau\u010diate diskomforto. Kojin\u0117s Remingtono med\u017eiokl\u0117s plonos trumpos kojin\u0117s 40 Den Black\/Orange deformuoja po naudojimo ar plovimo metu. Poliesterio ir elastano derinys u\u017etikrina puik\u0173 elastingum\u0105 ir patog\u0173 produkt\u0105.<\/p>\n<p>&nbsp;<\/p>\n","protected":false},"featured_media":133257,"template":"","meta":{"_acf_changed":false},"product_brand":[],"product_cat":[1228],"product_tag":[],"class_list":{"0":"post-143382","1":"product","2":"type-product","3":"status-publish","4":"has-post-thumbnail","6":"product_cat-batai","8":"first","9":"instock","10":"sale","11":"taxable","12":"shipping-taxable","13":"purchasable","14":"product-type-variable"},"acf":[],"_links":{"self":[{"href":"https:\/\/kingarms.ee\/lt\/wp-json\/wp\/v2\/product\/143382","targetHints":{"allow":["GET"]}}],"collection":[{"href":"https:\/\/kingarms.ee\/lt\/wp-json\/wp\/v2\/product"}],"about":[{"href":"https:\/\/kingarms.ee\/lt\/wp-json\/wp\/v2\/types\/product"}],"wp:featuredmedia":[{"embeddable":true,"href":"https:\/\/kingarms.ee\/lt\/wp-json\/wp\/v2\/media\/133257"}],"wp:attachment":[{"href":"https:\/\/kingarms.ee\/lt\/wp-json\/wp\/v2\/media?parent=143382"}],"wp:term":[{"taxonomy":"product_brand","embeddable":true,"href":"https:\/\/kingarms.ee\/lt\/wp-json\/wp\/v2\/product_brand?post=143382"},{"taxonomy":"product_cat","embeddable":true,"href":"https:\/\/kingarms.ee\/lt\/wp-json\/wp\/v2\/product_cat?post=143382"},{"taxonomy":"product_tag","embeddable":true,"href":"https:\/\/kingarms.ee\/lt\/wp-json\/wp\/v2\/product_tag?post=143382"}],"curies":[{"name":"wp","href":"https:\/\/api.w.org\/{rel}","templated":true}]}}