{"id":143390,"date":"2022-09-21T14:48:09","date_gmt":"2025-01-08T12:56:50","guid":{"rendered":"https:\/\/kingarms.ee\/product\/pistoleto-kabinetas-griffon-s-30-t\/"},"modified":"2025-01-08T15:56:50","modified_gmt":"2025-01-08T12:56:50","slug":"relvakapp-griffon-s-30-kt","status":"publish","type":"product","link":"https:\/\/kingarms.ee\/lt\/product\/relvakapp-griffon-s-30-kt\/","title":{"rendered":"Pistoleto kabinetas Griffon S.30.T"},"content":{"rendered":"<p>Pistoleto kabinetas Griffon S.30.T<\/p>\n<p><img loading=\"lazy\" decoding=\"async\" class=\"alignnone size-medium wp-image-61923\" src=\"https:\/\/kingarms.ee\/wp-content\/uploads\/2022\/09\/S.30.KT-1000x1000-500x500-1-300x300.jpeg\" alt=\"\" width=\"300\" height=\"300\" srcset=\"https:\/\/kingarms.ee\/wp-content\/uploads\/2022\/09\/S.30.KT-1000x1000-500x500-1-300x300.jpeg 300w, https:\/\/kingarms.ee\/wp-content\/uploads\/2022\/09\/S.30.KT-1000x1000-500x500-1-150x150.jpeg 150w, https:\/\/kingarms.ee\/wp-content\/uploads\/2022\/09\/S.30.KT-1000x1000-500x500-1.jpeg 500w\" sizes=\"auto, (max-width: 300px) 100vw, 300px\" \/><\/p>\n","protected":false},"excerpt":{"rendered":"<p>K\u016bno ir dur\u0173 storis 3 mm!<br \/>\nAtskira u\u017erakinama kaset\u0117.<br \/>\nInkaro ang\u0173 pasirengimas: pagrindo ir u\u017epakalin\u0117s sienos (nugal\u0117kite inkaro ang\u0105 su bok\u0161tu)<\/p>\n<p>U\u017eraktas -tipo rakto u\u017eraktas<br \/>\nI\u0161oriniai matmenys KXLXS (MM) 300x380x320<br \/>\nDyd\u017eio matmenys KXLXS (MM) 294x374x276<br \/>\nSpalva RAL 7016, RAL 9001<br \/>\nSvoris (kg) 22<br \/>\nTomas (L) 29<\/p>\n","protected":false},"featured_media":123519,"template":"","meta":{"_acf_changed":false},"product_brand":[],"product_cat":[1270],"product_tag":[],"class_list":{"0":"post-143390","1":"product","2":"type-product","3":"status-publish","4":"has-post-thumbnail","6":"product_cat-safes-lt","8":"first","9":"onbackorder","10":"taxable","11":"shipping-taxable","12":"product-type-simple"},"acf":[],"_links":{"self":[{"href":"https:\/\/kingarms.ee\/lt\/wp-json\/wp\/v2\/product\/143390","targetHints":{"allow":["GET"]}}],"collection":[{"href":"https:\/\/kingarms.ee\/lt\/wp-json\/wp\/v2\/product"}],"about":[{"href":"https:\/\/kingarms.ee\/lt\/wp-json\/wp\/v2\/types\/product"}],"wp:featuredmedia":[{"embeddable":true,"href":"https:\/\/kingarms.ee\/lt\/wp-json\/wp\/v2\/media\/123519"}],"wp:attachment":[{"href":"https:\/\/kingarms.ee\/lt\/wp-json\/wp\/v2\/media?parent=143390"}],"wp:term":[{"taxonomy":"product_brand","embeddable":true,"href":"https:\/\/kingarms.ee\/lt\/wp-json\/wp\/v2\/product_brand?post=143390"},{"taxonomy":"product_cat","embeddable":true,"href":"https:\/\/kingarms.ee\/lt\/wp-json\/wp\/v2\/product_cat?post=143390"},{"taxonomy":"product_tag","embeddable":true,"href":"https:\/\/kingarms.ee\/lt\/wp-json\/wp\/v2\/product_tag?post=143390"}],"curies":[{"name":"wp","href":"https:\/\/api.w.org\/{rel}","templated":true}]}}