{"id":143411,"date":"2022-05-19T03:11:36","date_gmt":"2025-01-08T13:10:43","guid":{"rendered":"https:\/\/kingarms.ee\/product\/daugiafunkcinis-irankiu-dezute-32-is-1-metalo\/"},"modified":"2025-01-08T16:10:43","modified_gmt":"2025-01-08T13:10:43","slug":"daugiafunkciniai-irankiai-32-in-1-metal","status":"publish","type":"product","link":"https:\/\/kingarms.ee\/lt\/product\/daugiafunkciniai-irankiai-32-in-1-metal\/","title":{"rendered":"Daugiafunkcinis \u012franki\u0173 d\u0117\u017eut\u0117 32 i\u0161 1 metalo"},"content":{"rendered":"","protected":false},"excerpt":{"rendered":"<p>Daugiafunkcinis \u012franki\u0173 d\u0117\u017eut\u0117 32 i\u0161 1 metalo<\/p>\n<p>32 rinkinys i\u0161 1 mikropikulianto tikslumo var\u017et\u0173 rinkinys, kur\u012f suk\u016br\u0117 \u201eJacklygreat for Home and Office\u201c rinkinys, yra: Phoo Pho PH1 PH1 PH21,0 1,3 1,5 2,0 2,5,5 3,0 4,0T4 T5 T6 T7 T8 T10 T15 T203.0 3.0i2.6 2,0 1,0H1. 5 H2.0 H2.5 H3.0 H3.5 H4.01 Mini rankos pincyzers1 atsuktuvas<\/p>\n","protected":false},"featured_media":120338,"template":"","meta":{"_acf_changed":false},"product_brand":[],"product_cat":[1263],"product_tag":[],"class_list":{"0":"post-143411","1":"product","2":"type-product","3":"status-publish","4":"has-post-thumbnail","6":"product_cat-kelioniu-prekes","8":"first","9":"instock","10":"purchasable","11":"product-type-simple"},"acf":[],"_links":{"self":[{"href":"https:\/\/kingarms.ee\/lt\/wp-json\/wp\/v2\/product\/143411","targetHints":{"allow":["GET"]}}],"collection":[{"href":"https:\/\/kingarms.ee\/lt\/wp-json\/wp\/v2\/product"}],"about":[{"href":"https:\/\/kingarms.ee\/lt\/wp-json\/wp\/v2\/types\/product"}],"wp:featuredmedia":[{"embeddable":true,"href":"https:\/\/kingarms.ee\/lt\/wp-json\/wp\/v2\/media\/120338"}],"wp:attachment":[{"href":"https:\/\/kingarms.ee\/lt\/wp-json\/wp\/v2\/media?parent=143411"}],"wp:term":[{"taxonomy":"product_brand","embeddable":true,"href":"https:\/\/kingarms.ee\/lt\/wp-json\/wp\/v2\/product_brand?post=143411"},{"taxonomy":"product_cat","embeddable":true,"href":"https:\/\/kingarms.ee\/lt\/wp-json\/wp\/v2\/product_cat?post=143411"},{"taxonomy":"product_tag","embeddable":true,"href":"https:\/\/kingarms.ee\/lt\/wp-json\/wp\/v2\/product_tag?post=143411"}],"curies":[{"name":"wp","href":"https:\/\/api.w.org\/{rel}","templated":true}]}}