{"id":143413,"date":"2022-05-17T23:10:00","date_gmt":"2025-01-08T13:11:45","guid":{"rendered":"https:\/\/kingarms.ee\/product\/micro-roni-kit-karabino-konvertavimo-rinkinys-caa\/"},"modified":"2025-01-08T16:11:45","modified_gmt":"2025-01-08T13:11:45","slug":"caa-micro-roni-kit-carbine-conversion-kit","status":"publish","type":"product","link":"https:\/\/kingarms.ee\/lt\/product\/caa-micro-roni-kit-carbine-conversion-kit\/","title":{"rendered":"\u201eMicro Roni Kit\u201c karabino konvertavimo rinkinys CAA"},"content":{"rendered":"","protected":false},"excerpt":{"rendered":"<p>\u201eMicro Roni Kit\u201c karabino konvertavimo rinkinys CAA<\/p>\n<p>\u201eGlock 17\/19\/22\u201c serijos \u201ePistol-Carbine\u201c konvertavimo rinkinys<br \/>\nNereikia pistoleto i\u0161ardymo<br \/>\nTiesiogin\u0117 prieiga prie pistoleto skaidri\u0173 i\u0161leidimo<br \/>\nPolimeras pagamintas<br \/>\nSulankstomos atsargos<br \/>\nStandartiniai 20 mm vir\u0161utiniai ir \u0161oniniai b\u0117giai<br \/>\nNuimamo nyk\u0161\u010dio poilsio rinkinys<br \/>\nPriekinis papildomas \u017eurnalo ve\u017e\u0117jas<br \/>\nAmbidextrous \u012fkrovimo rankena ir \u201eTrigger-Guard\u201c sauga<br \/>\nQD montuojamas 1 ta\u0161ko dir\u017eelis<br \/>\nPasirenkama CAA taktin\u0117 lemput\u0117, esanti \u201eFlash Hider\u201c, ne\u012ftraukta<br \/>\nNeprivalomi kryptys, ne\u012ftrauktos atskirai (CAD-SIS-01-BK)<br \/>\nIlgis 360 mm &#8211; 580 mm<br \/>\nSvoris 890G<\/p>\n","protected":false},"featured_media":119950,"template":"","meta":{"_acf_changed":false},"product_brand":[],"product_cat":[1138,1139],"product_tag":[],"class_list":{"0":"post-143413","1":"product","2":"type-product","3":"status-publish","4":"has-post-thumbnail","6":"product_cat-airsoft-pistols","7":"product_cat-elektro-pneumatiniai-ginklai","9":"first","10":"onbackorder","11":"product-type-simple"},"acf":[],"_links":{"self":[{"href":"https:\/\/kingarms.ee\/lt\/wp-json\/wp\/v2\/product\/143413","targetHints":{"allow":["GET"]}}],"collection":[{"href":"https:\/\/kingarms.ee\/lt\/wp-json\/wp\/v2\/product"}],"about":[{"href":"https:\/\/kingarms.ee\/lt\/wp-json\/wp\/v2\/types\/product"}],"wp:featuredmedia":[{"embeddable":true,"href":"https:\/\/kingarms.ee\/lt\/wp-json\/wp\/v2\/media\/119950"}],"wp:attachment":[{"href":"https:\/\/kingarms.ee\/lt\/wp-json\/wp\/v2\/media?parent=143413"}],"wp:term":[{"taxonomy":"product_brand","embeddable":true,"href":"https:\/\/kingarms.ee\/lt\/wp-json\/wp\/v2\/product_brand?post=143413"},{"taxonomy":"product_cat","embeddable":true,"href":"https:\/\/kingarms.ee\/lt\/wp-json\/wp\/v2\/product_cat?post=143413"},{"taxonomy":"product_tag","embeddable":true,"href":"https:\/\/kingarms.ee\/lt\/wp-json\/wp\/v2\/product_tag?post=143413"}],"curies":[{"name":"wp","href":"https:\/\/api.w.org\/{rel}","templated":true}]}}