{"id":143423,"date":"2022-05-19T03:11:36","date_gmt":"2025-01-08T13:17:40","guid":{"rendered":"https:\/\/kingarms.ee\/product\/bolt-action-sautuvu-snaiperiu-serija-as03-ameba\/"},"modified":"2025-01-08T16:17:40","modified_gmt":"2025-01-08T13:17:40","slug":"amoeba-bolt-action-rifle-sniper-series-as03","status":"publish","type":"product","link":"https:\/\/kingarms.ee\/lt\/product\/amoeba-bolt-action-rifle-sniper-series-as03\/","title":{"rendered":"\u201eBolt Action\u201c \u0161autuv\u0173 snaiperi\u0173 serija AS03 ameba"},"content":{"rendered":"","protected":false},"excerpt":{"rendered":"<p>\u201eBolt Action\u201c \u0161autuv\u0173 snaiperi\u0173 serija AS03 ameba<\/p>\n<p>\u201eBolt Action\u201c \u0161autuv\u0173 snaiperi\u0173 serija AS03<br \/>\nPolimeras<br \/>\nMetalin\u0117 statin\u0117 ir viso ilgio standartinis 20 mm vir\u0161utinis b\u0117gis<br \/>\n\u017demos kapitalizacijos AS03 40 raund\u0173 \u017eurnalas<br \/>\nTaktinis pistoleto rankena<br \/>\nReguliuojamas apyni\u0173 auk\u0161tyn<br \/>\nIlgis 465 g<br \/>\nSvoris 1500 g<\/p>\n","protected":false},"featured_media":120308,"template":"","meta":{"_acf_changed":false},"product_brand":[],"product_cat":[1141],"product_tag":[],"class_list":{"0":"post-143423","1":"product","2":"type-product","3":"status-publish","4":"has-post-thumbnail","6":"product_cat-snaiperio-sautuvai","8":"first","9":"onbackorder","10":"product-type-simple"},"acf":[],"_links":{"self":[{"href":"https:\/\/kingarms.ee\/lt\/wp-json\/wp\/v2\/product\/143423","targetHints":{"allow":["GET"]}}],"collection":[{"href":"https:\/\/kingarms.ee\/lt\/wp-json\/wp\/v2\/product"}],"about":[{"href":"https:\/\/kingarms.ee\/lt\/wp-json\/wp\/v2\/types\/product"}],"wp:featuredmedia":[{"embeddable":true,"href":"https:\/\/kingarms.ee\/lt\/wp-json\/wp\/v2\/media\/120308"}],"wp:attachment":[{"href":"https:\/\/kingarms.ee\/lt\/wp-json\/wp\/v2\/media?parent=143423"}],"wp:term":[{"taxonomy":"product_brand","embeddable":true,"href":"https:\/\/kingarms.ee\/lt\/wp-json\/wp\/v2\/product_brand?post=143423"},{"taxonomy":"product_cat","embeddable":true,"href":"https:\/\/kingarms.ee\/lt\/wp-json\/wp\/v2\/product_cat?post=143423"},{"taxonomy":"product_tag","embeddable":true,"href":"https:\/\/kingarms.ee\/lt\/wp-json\/wp\/v2\/product_tag?post=143423"}],"curies":[{"name":"wp","href":"https:\/\/api.w.org\/{rel}","templated":true}]}}