{"id":143458,"date":"2022-05-16T14:10:54","date_gmt":"2025-01-08T13:41:53","guid":{"rendered":"https:\/\/kingarms.ee\/product\/erm-h-ausines\/"},"modified":"2025-01-08T16:41:53","modified_gmt":"2025-01-08T13:41:53","slug":"erm-h-headset","status":"publish","type":"product","link":"https:\/\/kingarms.ee\/lt\/product\/erm-h-headset\/","title":{"rendered":"Erm H ausin\u0117s"},"content":{"rendered":"","protected":false},"excerpt":{"rendered":"<p>Erm ausin\u0117s buvo pagamintos i\u0161 patvarios polimero ir metalo. \u0160ios versijos ausin\u0117s turi integruot\u0105 \u0161alm\u0173 laikikl\u012f su specialiais tvirtinimo b\u0117geliais.<br \/>\nJie neturi aktyvaus triuk\u0161mo at\u0161aukimo ir gali b\u016bti naudojami kaip klasikin\u0117s, slopinan\u010dios ausin\u0117s, turin\u010dios galimyb\u0119 prisijungti prie PTT (karinio ki\u0161tuko) mygtuko, taip pat gavus \/ siun\u010diant prane\u0161imus per \u012fmontuotus garsiakalbius ir mikrofon\u0105 ant elastingo lanko. <\/p>\n","protected":false},"featured_media":119540,"template":"","meta":{"_acf_changed":false},"product_brand":[],"product_cat":[1160,1161],"product_tag":[],"class_list":{"0":"post-143458","1":"product","2":"type-product","3":"status-publish","4":"has-post-thumbnail","6":"product_cat-aktyvios-ausines","7":"product_cat-pasyvios-ausines","9":"first","10":"instock","11":"purchasable","12":"product-type-simple"},"acf":[],"_links":{"self":[{"href":"https:\/\/kingarms.ee\/lt\/wp-json\/wp\/v2\/product\/143458","targetHints":{"allow":["GET"]}}],"collection":[{"href":"https:\/\/kingarms.ee\/lt\/wp-json\/wp\/v2\/product"}],"about":[{"href":"https:\/\/kingarms.ee\/lt\/wp-json\/wp\/v2\/types\/product"}],"wp:featuredmedia":[{"embeddable":true,"href":"https:\/\/kingarms.ee\/lt\/wp-json\/wp\/v2\/media\/119540"}],"wp:attachment":[{"href":"https:\/\/kingarms.ee\/lt\/wp-json\/wp\/v2\/media?parent=143458"}],"wp:term":[{"taxonomy":"product_brand","embeddable":true,"href":"https:\/\/kingarms.ee\/lt\/wp-json\/wp\/v2\/product_brand?post=143458"},{"taxonomy":"product_cat","embeddable":true,"href":"https:\/\/kingarms.ee\/lt\/wp-json\/wp\/v2\/product_cat?post=143458"},{"taxonomy":"product_tag","embeddable":true,"href":"https:\/\/kingarms.ee\/lt\/wp-json\/wp\/v2\/product_tag?post=143458"}],"curies":[{"name":"wp","href":"https:\/\/api.w.org\/{rel}","templated":true}]}}