{"id":143462,"date":"2022-05-16T14:10:54","date_gmt":"2025-01-08T13:44:14","guid":{"rendered":"https:\/\/kingarms.ee\/product\/ptt-zpeltor-karinis-kistukas\/"},"modified":"2025-01-08T16:44:14","modified_gmt":"2025-01-08T13:44:14","slug":"ptt-zpeltor-military-plug","status":"publish","type":"product","link":"https:\/\/kingarms.ee\/lt\/product\/ptt-zpeltor-military-plug\/","title":{"rendered":"Ptt zpeltor karinis ki\u0161tukas"},"content":{"rendered":"","protected":false},"excerpt":{"rendered":"<p>Aus\u0173, turin\u010di\u0173 karinio tipo ki\u0161tuk\u0105, PTT mygtukas. Mygtukas pritvirtintas prie \u012frangos, naudojant paprast\u0105 sagt\u012f. Ma\u017ei matmenys palengvina ki\u0161eni\u0173 ar mai\u0161eli\u0173 naudojim\u0105. R\u0117mas pagamintas i\u0161 labai stipraus nailono kompozito, o spaustukas pagamintas i\u0161 plieno   <\/p>\n","protected":false},"featured_media":119516,"template":"","meta":{"_acf_changed":false},"product_brand":[],"product_cat":[1268],"product_tag":[],"class_list":{"0":"post-143462","1":"product","2":"type-product","3":"status-publish","4":"has-post-thumbnail","6":"product_cat-priedai-lt-2","8":"first","9":"instock","10":"purchasable","11":"product-type-simple"},"acf":[],"_links":{"self":[{"href":"https:\/\/kingarms.ee\/lt\/wp-json\/wp\/v2\/product\/143462","targetHints":{"allow":["GET"]}}],"collection":[{"href":"https:\/\/kingarms.ee\/lt\/wp-json\/wp\/v2\/product"}],"about":[{"href":"https:\/\/kingarms.ee\/lt\/wp-json\/wp\/v2\/types\/product"}],"wp:featuredmedia":[{"embeddable":true,"href":"https:\/\/kingarms.ee\/lt\/wp-json\/wp\/v2\/media\/119516"}],"wp:attachment":[{"href":"https:\/\/kingarms.ee\/lt\/wp-json\/wp\/v2\/media?parent=143462"}],"wp:term":[{"taxonomy":"product_brand","embeddable":true,"href":"https:\/\/kingarms.ee\/lt\/wp-json\/wp\/v2\/product_brand?post=143462"},{"taxonomy":"product_cat","embeddable":true,"href":"https:\/\/kingarms.ee\/lt\/wp-json\/wp\/v2\/product_cat?post=143462"},{"taxonomy":"product_tag","embeddable":true,"href":"https:\/\/kingarms.ee\/lt\/wp-json\/wp\/v2\/product_tag?post=143462"}],"curies":[{"name":"wp","href":"https:\/\/api.w.org\/{rel}","templated":true}]}}