{"id":143528,"date":"2022-05-16T14:10:32","date_gmt":"2025-01-08T14:02:04","guid":{"rendered":"https:\/\/kingarms.ee\/product\/telefono-maiselis-juodas-gfc\/"},"modified":"2025-01-08T17:02:04","modified_gmt":"2025-01-08T14:02:04","slug":"phone-pouch-black-gfc","status":"publish","type":"product","link":"https:\/\/kingarms.ee\/lt\/product\/phone-pouch-black-gfc\/","title":{"rendered":"Telefono mai\u0161elis juodas GFC"},"content":{"rendered":"","protected":false},"excerpt":{"rendered":"<p>Telefono mai\u0161elis \u201eBlack GFC\u201c mai\u0161elis, pagamintas i\u0161 nailono su kabliu ir kilpos tvirtinimo elementu, skirtu elektronini\u0173 prietais\u0173 laikymui, pavyzd\u017eiui, mobiliajam telefonui. Viduje mai\u0161elis yra mink\u0161ta aksomin\u0117 med\u017eiaga, neleid\u017eianti \u012fbr\u0117\u017eimams ant telefono pavir\u0161iaus. Mai\u0161elis yra pakankamai didelis, kad b\u016bt\u0173 galima laikyti vien\u0105 M4\/M16 \u017eurnal\u0105. Jis pritvirtinamas per 2 molle dir\u017eelius, leid\u017eian\u010dius pritvirtinti j\u012f prie \u012frangos gabalo, taip pat dir\u017e\u0105.<\/p>\n","protected":false},"featured_media":119735,"template":"","meta":{"_acf_changed":false},"product_brand":[],"product_cat":[1246,1240],"product_tag":[],"class_list":{"0":"post-143528","1":"product","2":"type-product","3":"status-publish","4":"has-post-thumbnail","6":"product_cat-kisenes","7":"product_cat-maiseliai-krepsiai-ir-dirzeliai","9":"first","10":"onbackorder","11":"product-type-simple"},"acf":[],"_links":{"self":[{"href":"https:\/\/kingarms.ee\/lt\/wp-json\/wp\/v2\/product\/143528","targetHints":{"allow":["GET"]}}],"collection":[{"href":"https:\/\/kingarms.ee\/lt\/wp-json\/wp\/v2\/product"}],"about":[{"href":"https:\/\/kingarms.ee\/lt\/wp-json\/wp\/v2\/types\/product"}],"wp:featuredmedia":[{"embeddable":true,"href":"https:\/\/kingarms.ee\/lt\/wp-json\/wp\/v2\/media\/119735"}],"wp:attachment":[{"href":"https:\/\/kingarms.ee\/lt\/wp-json\/wp\/v2\/media?parent=143528"}],"wp:term":[{"taxonomy":"product_brand","embeddable":true,"href":"https:\/\/kingarms.ee\/lt\/wp-json\/wp\/v2\/product_brand?post=143528"},{"taxonomy":"product_cat","embeddable":true,"href":"https:\/\/kingarms.ee\/lt\/wp-json\/wp\/v2\/product_cat?post=143528"},{"taxonomy":"product_tag","embeddable":true,"href":"https:\/\/kingarms.ee\/lt\/wp-json\/wp\/v2\/product_tag?post=143528"}],"curies":[{"name":"wp","href":"https:\/\/api.w.org\/{rel}","templated":true}]}}