{"id":143548,"date":"2022-05-15T23:46:29","date_gmt":"2025-01-08T14:14:32","guid":{"rendered":"https:\/\/kingarms.ee\/product\/vartu-nanohard-mosfet-blokas\/"},"modified":"2025-01-08T17:14:32","modified_gmt":"2025-01-08T14:14:32","slug":"gate-nanohard-mosfet-unit","status":"publish","type":"product","link":"https:\/\/kingarms.ee\/lt\/product\/gate-nanohard-mosfet-unit\/","title":{"rendered":"Vart\u0173 nanohard mosfet blokas"},"content":{"rendered":"","protected":false},"excerpt":{"rendered":"<p>\u201eNanohard\u201c yra naujausias 3 -osios kartos vienetas. Pa\u017eangiausi\u0173 tranzistori\u0173 ir mikroprocesoriaus \u012fgyvendinimas leido mums pastatyti ma\u017eiausi\u0105 ir patikimiausi\u0105 MOSFET \u012frengin\u012f rinkoje, nes speciali danga yra atsparios blogos oro s\u0105lygoms.<br \/>\nTai yra visi\u0161kai programuojamas vienetas. <\/p>\n","protected":false},"featured_media":119248,"template":"","meta":{"_acf_changed":false},"product_brand":[],"product_cat":[1273,1221],"product_tag":[],"class_list":{"0":"post-143548","1":"product","2":"type-product","3":"status-publish","4":"has-post-thumbnail","6":"product_cat-atsargines-dalys","7":"product_cat-gate-lt","9":"first","10":"instock","11":"purchasable","12":"product-type-simple"},"acf":[],"_links":{"self":[{"href":"https:\/\/kingarms.ee\/lt\/wp-json\/wp\/v2\/product\/143548","targetHints":{"allow":["GET"]}}],"collection":[{"href":"https:\/\/kingarms.ee\/lt\/wp-json\/wp\/v2\/product"}],"about":[{"href":"https:\/\/kingarms.ee\/lt\/wp-json\/wp\/v2\/types\/product"}],"wp:featuredmedia":[{"embeddable":true,"href":"https:\/\/kingarms.ee\/lt\/wp-json\/wp\/v2\/media\/119248"}],"wp:attachment":[{"href":"https:\/\/kingarms.ee\/lt\/wp-json\/wp\/v2\/media?parent=143548"}],"wp:term":[{"taxonomy":"product_brand","embeddable":true,"href":"https:\/\/kingarms.ee\/lt\/wp-json\/wp\/v2\/product_brand?post=143548"},{"taxonomy":"product_cat","embeddable":true,"href":"https:\/\/kingarms.ee\/lt\/wp-json\/wp\/v2\/product_cat?post=143548"},{"taxonomy":"product_tag","embeddable":true,"href":"https:\/\/kingarms.ee\/lt\/wp-json\/wp\/v2\/product_tag?post=143548"}],"curies":[{"name":"wp","href":"https:\/\/api.w.org\/{rel}","templated":true}]}}