{"id":143557,"date":"2022-05-15T23:46:00","date_gmt":"2025-01-08T14:34:22","guid":{"rendered":"https:\/\/kingarms.ee\/product\/ac5000-chronografas\/"},"modified":"2025-01-08T17:34:22","modified_gmt":"2025-01-08T14:34:22","slug":"ac5000-chronograph","status":"publish","type":"product","link":"https:\/\/kingarms.ee\/lt\/product\/ac5000-chronograph\/","title":{"rendered":"AC5000 chronografas"},"content":{"rendered":"","protected":false},"excerpt":{"rendered":"<p>AC5000 chronografas &#8211; lengvas ir kompakti\u0161kas chronografas, leid\u017eiantis tiksliai i\u0161matuoti \u0161audomo BB snukio greit\u012f i\u0161 replikos. \u012erenginio korpusas buvo pagamintas i\u0161 stipraus polimero, tod\u0117l tuo pa\u010diu metu yra \u0161viesa ir patvari. Chronografas pasi\u017eymi standartiniu fotografijos gija, leid\u017eian\u010dia pritvirtinti dvipus\u012f.<br \/>\nSavyb\u0117s:- Snukio grei\u010dio matavimas nuo 30 iki 400 m\/s (90\u20131200 p\u0117d\u0173\/s)- gaisro grei\u010dio (ROF) matavimo greitis (ROF) nuo 100 iki 5000 aps.\/min. Auk\u0161tas matavimo tikslumas d\u0117l patentuot\u0173 jutikli\u0173- patogi vartotojui skirta s\u0105saja su LCD ekranu su 128&#215;128 pikseli\u0173 skiriam\u0105ja geba- 25 atminties lizdai, skirti snukio grei\u010diui ir ugnies pla\u010diojo matavimo angos (24 mm skersmens)- maitinami per mikro-USB ( 5 V \/ 0,5A &#8211; ne\u012ftraukta \u012f rinkin\u012f) arba 2 x AA baterijos (ne\u012ftrauktos \u012f rinkin\u012f) &#8211; suderinamas su biPods su standartiniu fotografijos sriegiu<\/p>\n","protected":false},"featured_media":119356,"template":"","meta":{"_acf_changed":false},"product_brand":[],"product_cat":[1257],"product_tag":[],"class_list":{"0":"post-143557","1":"product","2":"type-product","3":"status-publish","4":"has-post-thumbnail","6":"product_cat-chronografai","8":"first","9":"onbackorder","10":"product-type-simple"},"acf":[],"_links":{"self":[{"href":"https:\/\/kingarms.ee\/lt\/wp-json\/wp\/v2\/product\/143557","targetHints":{"allow":["GET"]}}],"collection":[{"href":"https:\/\/kingarms.ee\/lt\/wp-json\/wp\/v2\/product"}],"about":[{"href":"https:\/\/kingarms.ee\/lt\/wp-json\/wp\/v2\/types\/product"}],"wp:featuredmedia":[{"embeddable":true,"href":"https:\/\/kingarms.ee\/lt\/wp-json\/wp\/v2\/media\/119356"}],"wp:attachment":[{"href":"https:\/\/kingarms.ee\/lt\/wp-json\/wp\/v2\/media?parent=143557"}],"wp:term":[{"taxonomy":"product_brand","embeddable":true,"href":"https:\/\/kingarms.ee\/lt\/wp-json\/wp\/v2\/product_brand?post=143557"},{"taxonomy":"product_cat","embeddable":true,"href":"https:\/\/kingarms.ee\/lt\/wp-json\/wp\/v2\/product_cat?post=143557"},{"taxonomy":"product_tag","embeddable":true,"href":"https:\/\/kingarms.ee\/lt\/wp-json\/wp\/v2\/product_tag?post=143557"}],"curies":[{"name":"wp","href":"https:\/\/api.w.org\/{rel}","templated":true}]}}