{"id":143559,"date":"2022-05-14T17:45:45","date_gmt":"2025-01-08T14:35:55","guid":{"rendered":"https:\/\/kingarms.ee\/product\/jav-oro-pajegu-zymeklio-tipo-duslintuvas-fma\/"},"modified":"2025-01-08T17:35:55","modified_gmt":"2025-01-08T14:35:55","slug":"u-s-air-force-tracer-type-silencer","status":"publish","type":"product","link":"https:\/\/kingarms.ee\/lt\/product\/u-s-air-force-tracer-type-silencer\/","title":{"rendered":"JAV oro paj\u0117g\u0173 \u017eymeklio tipo duslintuvas FMA"},"content":{"rendered":"","protected":false},"excerpt":{"rendered":"<p>JAV oro paj\u0117g\u0173 \u017eymeklio tipo duslintuvo FMA slopintuvas su atsekamuoju bloku, ap\u0161vie\u010dian\u010diu 190 mm ilgio ir 35 mm skersmens granules. Norint, kad slopintuvas veiksmingai veikt\u0173, reikia atsekamojo tipo fluorescencini\u0173 granuli\u0173.<br \/>\nSulauk\u0117jas turi 14 mm si\u016bl\u0105 prie\u0161 laikrod\u017eio rodykl\u0119.<\/p>\n","protected":false},"featured_media":118943,"template":"","meta":{"_acf_changed":false},"product_brand":[],"product_cat":[1256],"product_tag":[],"class_list":{"0":"post-143559","1":"product","2":"type-product","3":"status-publish","4":"has-post-thumbnail","6":"product_cat-duslintuvai","8":"first","9":"instock","10":"sale","11":"purchasable","12":"product-type-simple"},"acf":[],"_links":{"self":[{"href":"https:\/\/kingarms.ee\/lt\/wp-json\/wp\/v2\/product\/143559","targetHints":{"allow":["GET"]}}],"collection":[{"href":"https:\/\/kingarms.ee\/lt\/wp-json\/wp\/v2\/product"}],"about":[{"href":"https:\/\/kingarms.ee\/lt\/wp-json\/wp\/v2\/types\/product"}],"wp:featuredmedia":[{"embeddable":true,"href":"https:\/\/kingarms.ee\/lt\/wp-json\/wp\/v2\/media\/118943"}],"wp:attachment":[{"href":"https:\/\/kingarms.ee\/lt\/wp-json\/wp\/v2\/media?parent=143559"}],"wp:term":[{"taxonomy":"product_brand","embeddable":true,"href":"https:\/\/kingarms.ee\/lt\/wp-json\/wp\/v2\/product_brand?post=143559"},{"taxonomy":"product_cat","embeddable":true,"href":"https:\/\/kingarms.ee\/lt\/wp-json\/wp\/v2\/product_cat?post=143559"},{"taxonomy":"product_tag","embeddable":true,"href":"https:\/\/kingarms.ee\/lt\/wp-json\/wp\/v2\/product_tag?post=143559"}],"curies":[{"name":"wp","href":"https:\/\/api.w.org\/{rel}","templated":true}]}}