{"id":143560,"date":"2022-05-14T17:45:45","date_gmt":"2025-01-08T14:36:39","guid":{"rendered":"https:\/\/kingarms.ee\/product\/spectre-35x152mm-duslintuvas-fma\/"},"modified":"2025-01-08T17:36:39","modified_gmt":"2025-01-08T14:36:39","slug":"spectre-35x152mm-silencer","status":"publish","type":"product","link":"https:\/\/kingarms.ee\/lt\/product\/spectre-35x152mm-silencer\/","title":{"rendered":"\u201eSpectre 35x152mm\u201c duslintuvas FMA"},"content":{"rendered":"","protected":false},"excerpt":{"rendered":"<p>\u201eSpecter 35x152mm\u201c duslintuvas FMA 35 mm skersmens ir 152 mm ilgio duslintuvas. U\u017epildytas per vis\u0105 ilg\u012f putomis, kurios u\u017etikrina ger\u0105 slopinim\u0105. Rinkinyje yra du adapteriai su 14 mm ir 19 mm sriegiu.<\/p>\n","protected":false},"featured_media":118941,"template":"","meta":{"_acf_changed":false},"product_brand":[],"product_cat":[1256],"product_tag":[],"class_list":{"0":"post-143560","1":"product","2":"type-product","3":"status-publish","4":"has-post-thumbnail","6":"product_cat-duslintuvai","8":"first","9":"onbackorder","10":"product-type-simple"},"acf":[],"_links":{"self":[{"href":"https:\/\/kingarms.ee\/lt\/wp-json\/wp\/v2\/product\/143560","targetHints":{"allow":["GET"]}}],"collection":[{"href":"https:\/\/kingarms.ee\/lt\/wp-json\/wp\/v2\/product"}],"about":[{"href":"https:\/\/kingarms.ee\/lt\/wp-json\/wp\/v2\/types\/product"}],"wp:featuredmedia":[{"embeddable":true,"href":"https:\/\/kingarms.ee\/lt\/wp-json\/wp\/v2\/media\/118941"}],"wp:attachment":[{"href":"https:\/\/kingarms.ee\/lt\/wp-json\/wp\/v2\/media?parent=143560"}],"wp:term":[{"taxonomy":"product_brand","embeddable":true,"href":"https:\/\/kingarms.ee\/lt\/wp-json\/wp\/v2\/product_brand?post=143560"},{"taxonomy":"product_cat","embeddable":true,"href":"https:\/\/kingarms.ee\/lt\/wp-json\/wp\/v2\/product_cat?post=143560"},{"taxonomy":"product_tag","embeddable":true,"href":"https:\/\/kingarms.ee\/lt\/wp-json\/wp\/v2\/product_tag?post=143560"}],"curies":[{"name":"wp","href":"https:\/\/api.w.org\/{rel}","templated":true}]}}