{"id":143596,"date":"2022-05-14T17:45:17","date_gmt":"2025-01-08T14:58:32","guid":{"rendered":"https:\/\/kingarms.ee\/product\/ziuronai-8x21-prooptic\/"},"modified":"2025-01-08T17:58:32","modified_gmt":"2025-01-08T14:58:32","slug":"binoculars-prooptic-8x21","status":"publish","type":"product","link":"https:\/\/kingarms.ee\/lt\/product\/binoculars-prooptic-8x21\/","title":{"rendered":"\u017di\u016bronai 8&#215;21 Prooptic"},"content":{"rendered":"","protected":false},"excerpt":{"rendered":"<p>\u017di\u016bronai 8&#215;21 Prooptinis kompakti\u0161kas, labai lengvas \u017ei\u016bronas (700 g), kuri\u0173 objektyvusis skersmuo yra 21 mm ir 8x reguliuojamas padidinimas. \u012erenginys sujungia auk\u0161t\u0105 gamybos standart\u0105 su labai geromis optin\u0117mis savyb\u0117mis. Pateikto modelio l\u0119\u0161iai buvo padengti magnio fluoro dangomis. Jie suteikia auk\u0161tesn\u0117s \u0161viesos perdavimo koeficient\u0105 ir nat\u016bral\u0173 spalv\u0173 dauginim\u0105si. Jie taip pat pa\u0161alina atspind\u017eius. \u017dibin\u0117mis yra patogus, tvirtas korpusas, kur\u012f papildomai apsaugo gumos sluoksnis.<\/p>\n","protected":false},"featured_media":119151,"template":"","meta":{"_acf_changed":false},"product_brand":[],"product_cat":[1185],"product_tag":[],"class_list":{"0":"post-143596","1":"product","2":"type-product","3":"status-publish","4":"has-post-thumbnail","6":"product_cat-ziuronas","8":"first","9":"instock","10":"purchasable","11":"product-type-simple"},"acf":[],"_links":{"self":[{"href":"https:\/\/kingarms.ee\/lt\/wp-json\/wp\/v2\/product\/143596","targetHints":{"allow":["GET"]}}],"collection":[{"href":"https:\/\/kingarms.ee\/lt\/wp-json\/wp\/v2\/product"}],"about":[{"href":"https:\/\/kingarms.ee\/lt\/wp-json\/wp\/v2\/types\/product"}],"wp:featuredmedia":[{"embeddable":true,"href":"https:\/\/kingarms.ee\/lt\/wp-json\/wp\/v2\/media\/119151"}],"wp:attachment":[{"href":"https:\/\/kingarms.ee\/lt\/wp-json\/wp\/v2\/media?parent=143596"}],"wp:term":[{"taxonomy":"product_brand","embeddable":true,"href":"https:\/\/kingarms.ee\/lt\/wp-json\/wp\/v2\/product_brand?post=143596"},{"taxonomy":"product_cat","embeddable":true,"href":"https:\/\/kingarms.ee\/lt\/wp-json\/wp\/v2\/product_cat?post=143596"},{"taxonomy":"product_tag","embeddable":true,"href":"https:\/\/kingarms.ee\/lt\/wp-json\/wp\/v2\/product_tag?post=143596"}],"curies":[{"name":"wp","href":"https:\/\/api.w.org\/{rel}","templated":true}]}}