{"id":143603,"date":"2022-04-29T14:01:11","date_gmt":"2025-01-08T15:03:28","guid":{"rendered":"https:\/\/kingarms.ee\/product\/royal-m4-zurnalo-maiselis-alyvuogiu-drabu\/"},"modified":"2025-01-08T18:03:28","modified_gmt":"2025-01-08T15:03:28","slug":"royal-m4-magazine-pouch-olive-drab","status":"publish","type":"product","link":"https:\/\/kingarms.ee\/lt\/product\/royal-m4-magazine-pouch-olive-drab\/","title":{"rendered":"\u201eRoyal M4\u201c \u017eurnalo mai\u0161elis alyvuogi\u0173 drabu"},"content":{"rendered":"","protected":false},"excerpt":{"rendered":"<p>\u201eM4 Magazine Pouchcordura Fabricside\u201c elastinis bandhook ir cloop clatsurerear molle systemensions: 105mm x 117mm x (maksimalus) 80 mm svoris: 90Golive Drab Color<\/p>\n","protected":false},"featured_media":118383,"template":"","meta":{"_acf_changed":false},"product_brand":[],"product_cat":[1240,1242],"product_tag":[],"class_list":{"0":"post-143603","1":"product","2":"type-product","3":"status-publish","4":"has-post-thumbnail","6":"product_cat-maiseliai-krepsiai-ir-dirzeliai","7":"product_cat-sandeliavimo-kisenes","9":"first","10":"instock","11":"purchasable","12":"product-type-simple"},"acf":[],"_links":{"self":[{"href":"https:\/\/kingarms.ee\/lt\/wp-json\/wp\/v2\/product\/143603","targetHints":{"allow":["GET"]}}],"collection":[{"href":"https:\/\/kingarms.ee\/lt\/wp-json\/wp\/v2\/product"}],"about":[{"href":"https:\/\/kingarms.ee\/lt\/wp-json\/wp\/v2\/types\/product"}],"wp:featuredmedia":[{"embeddable":true,"href":"https:\/\/kingarms.ee\/lt\/wp-json\/wp\/v2\/media\/118383"}],"wp:attachment":[{"href":"https:\/\/kingarms.ee\/lt\/wp-json\/wp\/v2\/media?parent=143603"}],"wp:term":[{"taxonomy":"product_brand","embeddable":true,"href":"https:\/\/kingarms.ee\/lt\/wp-json\/wp\/v2\/product_brand?post=143603"},{"taxonomy":"product_cat","embeddable":true,"href":"https:\/\/kingarms.ee\/lt\/wp-json\/wp\/v2\/product_cat?post=143603"},{"taxonomy":"product_tag","embeddable":true,"href":"https:\/\/kingarms.ee\/lt\/wp-json\/wp\/v2\/product_tag?post=143603"}],"curies":[{"name":"wp","href":"https:\/\/api.w.org\/{rel}","templated":true}]}}