{"id":143607,"date":"2022-04-30T08:18:21","date_gmt":"2025-01-08T15:06:46","guid":{"rendered":"https:\/\/kingarms.ee\/product\/ek-kids-junginys-bow-kirupira-15-20-svaru-camo-versija\/"},"modified":"2025-01-08T18:06:46","modified_gmt":"2025-01-08T15:06:46","slug":"ek-kids-compouns-bow-kirupira-15-20-lbs-camo-version","status":"publish","type":"product","link":"https:\/\/kingarms.ee\/lt\/product\/ek-kids-compouns-bow-kirupira-15-20-lbs-camo-version\/","title":{"rendered":"\u201eEk Kids\u201c junginys Bow Kirupira 15 20 svar\u0173 \u201eCamo\u201c versija"},"content":{"rendered":"","protected":false},"excerpt":{"rendered":"<p>\u201eEk Kids\u201c junginys Bow Kirupira 15 20 svar\u0173 \u201eCamo\u201c versija<\/p>\n<p>Vaikai jungtinis lankai<br \/>\nReguliuojamas 15-20 svar\u0173<br \/>\nNubr\u0117\u017ekite ilg\u012f 22\u201324 colius<br \/>\nPatvarus kompozicinis augintojas<br \/>\nPatvarios kompozicin\u0117s gal\u016bn\u0117s<br \/>\nARMGUARDAS<br \/>\n2x 26 coli\u0173 stiklo pluo\u0161to rodykl\u0117s<br \/>\n4 vnt<br \/>\n1 kai\u0161\u010dio \u017ealvario \u017evilgsnis<br \/>\nRago gumos poilsis<br \/>\n3 pir\u0161t\u0173 skirtukas<br \/>\nCAMO spalva<\/p>\n","protected":false},"featured_media":118433,"template":"","meta":{"_acf_changed":false},"product_brand":[],"product_cat":[1156,1151],"product_tag":[],"class_list":{"0":"post-143607","1":"product","2":"type-product","3":"status-publish","4":"has-post-thumbnail","6":"product_cat-lankai","7":"product_cat-lankai-ir-skersiniai","9":"first","10":"instock","11":"taxable","12":"shipping-taxable","13":"purchasable","14":"product-type-simple"},"acf":[],"_links":{"self":[{"href":"https:\/\/kingarms.ee\/lt\/wp-json\/wp\/v2\/product\/143607","targetHints":{"allow":["GET"]}}],"collection":[{"href":"https:\/\/kingarms.ee\/lt\/wp-json\/wp\/v2\/product"}],"about":[{"href":"https:\/\/kingarms.ee\/lt\/wp-json\/wp\/v2\/types\/product"}],"wp:featuredmedia":[{"embeddable":true,"href":"https:\/\/kingarms.ee\/lt\/wp-json\/wp\/v2\/media\/118433"}],"wp:attachment":[{"href":"https:\/\/kingarms.ee\/lt\/wp-json\/wp\/v2\/media?parent=143607"}],"wp:term":[{"taxonomy":"product_brand","embeddable":true,"href":"https:\/\/kingarms.ee\/lt\/wp-json\/wp\/v2\/product_brand?post=143607"},{"taxonomy":"product_cat","embeddable":true,"href":"https:\/\/kingarms.ee\/lt\/wp-json\/wp\/v2\/product_cat?post=143607"},{"taxonomy":"product_tag","embeddable":true,"href":"https:\/\/kingarms.ee\/lt\/wp-json\/wp\/v2\/product_tag?post=143607"}],"curies":[{"name":"wp","href":"https:\/\/api.w.org\/{rel}","templated":true}]}}