{"id":143610,"date":"2022-04-30T08:12:20","date_gmt":"2025-01-08T15:08:02","guid":{"rendered":"https:\/\/kingarms.ee\/product\/wosport-communication-ausiniu-salmo-versija-idegis\/"},"modified":"2025-01-08T18:08:02","modified_gmt":"2025-01-08T15:08:02","slug":"wosport-communication-headset-helmet-verision-tan","status":"publish","type":"product","link":"https:\/\/kingarms.ee\/lt\/product\/wosport-communication-headset-helmet-verision-tan\/","title":{"rendered":"\u201eWosport Communication\u201c ausini\u0173 \u0161almo versija \u012fdegis"},"content":{"rendered":"","protected":false},"excerpt":{"rendered":"<p>\u201eWosport Communication\u201c ausini\u0173 \u0161almo versija \u012fdegis<\/p>\n<p>Ry\u0161io ausini\u0173 \u0161almo versija<br \/>\nMed\u017eiagos: abs ir garso izoliacin\u0117 medviln\u0117<br \/>\n\u0160almo gele\u017einkelio laikikliui<br \/>\nNuimamas mikrofonas, kur\u012f galima sumontuoti kair\u0117je arba de\u0161in\u0117je<br \/>\nMikrofono kampas reguliuojamas<br \/>\nPTT ne\u012fskai\u010diuota<br \/>\n\u012eSP\u0116JIMAS: N\u0117ra triuk\u0161mo ma\u017einimo versijos<br \/>\nTinka nuo 52 cm iki 64 cm<br \/>\nSvoris 360 g<\/p>\n","protected":false},"featured_media":118427,"template":"","meta":{"_acf_changed":false},"product_brand":[],"product_cat":[1266],"product_tag":[],"class_list":{"0":"post-143610","1":"product","2":"type-product","3":"status-publish","4":"has-post-thumbnail","6":"product_cat-radijas","8":"first","9":"instock","10":"sale","11":"taxable","12":"shipping-taxable","13":"purchasable","14":"product-type-simple"},"acf":[],"_links":{"self":[{"href":"https:\/\/kingarms.ee\/lt\/wp-json\/wp\/v2\/product\/143610","targetHints":{"allow":["GET"]}}],"collection":[{"href":"https:\/\/kingarms.ee\/lt\/wp-json\/wp\/v2\/product"}],"about":[{"href":"https:\/\/kingarms.ee\/lt\/wp-json\/wp\/v2\/types\/product"}],"wp:featuredmedia":[{"embeddable":true,"href":"https:\/\/kingarms.ee\/lt\/wp-json\/wp\/v2\/media\/118427"}],"wp:attachment":[{"href":"https:\/\/kingarms.ee\/lt\/wp-json\/wp\/v2\/media?parent=143610"}],"wp:term":[{"taxonomy":"product_brand","embeddable":true,"href":"https:\/\/kingarms.ee\/lt\/wp-json\/wp\/v2\/product_brand?post=143610"},{"taxonomy":"product_cat","embeddable":true,"href":"https:\/\/kingarms.ee\/lt\/wp-json\/wp\/v2\/product_cat?post=143610"},{"taxonomy":"product_tag","embeddable":true,"href":"https:\/\/kingarms.ee\/lt\/wp-json\/wp\/v2\/product_tag?post=143610"}],"curies":[{"name":"wp","href":"https:\/\/api.w.org\/{rel}","templated":true}]}}