{"id":143614,"date":"2022-04-29T14:01:00","date_gmt":"2025-01-08T15:09:59","guid":{"rendered":"https:\/\/kingarms.ee\/product\/beretta-m92-black-karaliskasis-koju-deklas\/"},"modified":"2025-01-08T18:09:59","modified_gmt":"2025-01-08T15:09:59","slug":"karaliskoji-leg-holster-for-beretta-m92-black","status":"publish","type":"product","link":"https:\/\/kingarms.ee\/lt\/product\/karaliskoji-leg-holster-for-beretta-m92-black\/","title":{"rendered":"\u201eBeretta M92 Black\u201c karali\u0161kasis koj\u0173 d\u0117klas"},"content":{"rendered":"","protected":false},"excerpt":{"rendered":"<p>\u201eBeretta M92 Black\u201c karali\u0161kasis koj\u0173 d\u0117klas<\/p>\n<p>\u201eBeretta M92\u201c serijos koj\u0173 d\u0117klas<\/p>\n<p>MAG mai\u0161elis ir \u017eibintuv\u0117liai ne\u0161iojamai reguliuojami<\/p>\n","protected":false},"featured_media":118355,"template":"","meta":{"_acf_changed":false},"product_brand":[],"product_cat":[1163],"product_tag":[],"class_list":{"0":"post-143614","1":"product","2":"type-product","3":"status-publish","4":"has-post-thumbnail","6":"product_cat-kabur","8":"first","9":"instock","10":"purchasable","11":"product-type-simple"},"acf":[],"_links":{"self":[{"href":"https:\/\/kingarms.ee\/lt\/wp-json\/wp\/v2\/product\/143614","targetHints":{"allow":["GET"]}}],"collection":[{"href":"https:\/\/kingarms.ee\/lt\/wp-json\/wp\/v2\/product"}],"about":[{"href":"https:\/\/kingarms.ee\/lt\/wp-json\/wp\/v2\/types\/product"}],"wp:featuredmedia":[{"embeddable":true,"href":"https:\/\/kingarms.ee\/lt\/wp-json\/wp\/v2\/media\/118355"}],"wp:attachment":[{"href":"https:\/\/kingarms.ee\/lt\/wp-json\/wp\/v2\/media?parent=143614"}],"wp:term":[{"taxonomy":"product_brand","embeddable":true,"href":"https:\/\/kingarms.ee\/lt\/wp-json\/wp\/v2\/product_brand?post=143614"},{"taxonomy":"product_cat","embeddable":true,"href":"https:\/\/kingarms.ee\/lt\/wp-json\/wp\/v2\/product_cat?post=143614"},{"taxonomy":"product_tag","embeddable":true,"href":"https:\/\/kingarms.ee\/lt\/wp-json\/wp\/v2\/product_tag?post=143614"}],"curies":[{"name":"wp","href":"https:\/\/api.w.org\/{rel}","templated":true}]}}