{"id":143626,"date":"2022-04-29T14:01:11","date_gmt":"2025-01-08T15:19:24","guid":{"rendered":"https:\/\/kingarms.ee\/product\/kaenlaalune-kabuur-royal\/"},"modified":"2025-01-08T18:19:24","modified_gmt":"2025-01-08T15:19:24","slug":"kaenlaalune-kabuur-royal","status":"publish","type":"product","link":"https:\/\/kingarms.ee\/lt\/product\/kaenlaalune-kabuur-royal\/","title":{"rendered":"Kaenlaalune Kabuur Royal"},"content":{"rendered":"","protected":false},"excerpt":{"rendered":"<p>Kaenlaalune Kabuur Royal<\/p>\n<p>\u201eCordura\u201c pe\u010di\u0173 d\u0117klo d\u0117klo d\u0117klas su mygtuko u\u017edarymo priemon\u0117mis, naudojant \u201eVelcro\u201c ir vieno \u017eurnalo mai\u0161el\u012f su \u201eVelcro Closuredouble\u201c \u017eurnalo mai\u0161u su \u201eVelcro\u201c u\u017edarymu<\/p>\n","protected":false},"featured_media":118333,"template":"","meta":{"_acf_changed":false},"product_brand":[],"product_cat":[1163],"product_tag":[],"class_list":{"0":"post-143626","1":"product","2":"type-product","3":"status-publish","4":"has-post-thumbnail","6":"product_cat-kabur","8":"first","9":"instock","10":"purchasable","11":"product-type-simple"},"acf":[],"_links":{"self":[{"href":"https:\/\/kingarms.ee\/lt\/wp-json\/wp\/v2\/product\/143626","targetHints":{"allow":["GET"]}}],"collection":[{"href":"https:\/\/kingarms.ee\/lt\/wp-json\/wp\/v2\/product"}],"about":[{"href":"https:\/\/kingarms.ee\/lt\/wp-json\/wp\/v2\/types\/product"}],"wp:featuredmedia":[{"embeddable":true,"href":"https:\/\/kingarms.ee\/lt\/wp-json\/wp\/v2\/media\/118333"}],"wp:attachment":[{"href":"https:\/\/kingarms.ee\/lt\/wp-json\/wp\/v2\/media?parent=143626"}],"wp:term":[{"taxonomy":"product_brand","embeddable":true,"href":"https:\/\/kingarms.ee\/lt\/wp-json\/wp\/v2\/product_brand?post=143626"},{"taxonomy":"product_cat","embeddable":true,"href":"https:\/\/kingarms.ee\/lt\/wp-json\/wp\/v2\/product_cat?post=143626"},{"taxonomy":"product_tag","embeddable":true,"href":"https:\/\/kingarms.ee\/lt\/wp-json\/wp\/v2\/product_tag?post=143626"}],"curies":[{"name":"wp","href":"https:\/\/api.w.org\/{rel}","templated":true}]}}