{"id":143640,"date":"2022-04-29T14:01:03","date_gmt":"2025-01-08T15:27:54","guid":{"rendered":"https:\/\/kingarms.ee\/product\/karaliskasis-universalus-molle-deklas-juodas\/"},"modified":"2025-01-08T18:27:54","modified_gmt":"2025-01-08T15:27:54","slug":"karaliskasis-universitetas-skolos-holster-black","status":"publish","type":"product","link":"https:\/\/kingarms.ee\/lt\/product\/karaliskasis-universitetas-skolos-holster-black\/","title":{"rendered":"Karali\u0161kasis universalus molle d\u0117klas juodas"},"content":{"rendered":"","protected":false},"excerpt":{"rendered":"<p>Karali\u0161kasis universalus molle d\u0117klas juodas<\/p>\n<p>\u201eUniversale HolsterAduamable\u201c su \u201eVelcromolle SystemUpper\u201c u\u017edarymu su mygtuku ir lengvai atidaromas, kad b\u016bt\u0173 galima naudoti de\u0161in\u0117s rankos spalv\u0105<\/p>\n","protected":false},"featured_media":118327,"template":"","meta":{"_acf_changed":false},"product_brand":[],"product_cat":[1163],"product_tag":[],"class_list":{"0":"post-143640","1":"product","2":"type-product","3":"status-publish","4":"has-post-thumbnail","6":"product_cat-kabur","8":"first","9":"instock","10":"purchasable","11":"product-type-simple"},"acf":[],"_links":{"self":[{"href":"https:\/\/kingarms.ee\/lt\/wp-json\/wp\/v2\/product\/143640","targetHints":{"allow":["GET"]}}],"collection":[{"href":"https:\/\/kingarms.ee\/lt\/wp-json\/wp\/v2\/product"}],"about":[{"href":"https:\/\/kingarms.ee\/lt\/wp-json\/wp\/v2\/types\/product"}],"wp:featuredmedia":[{"embeddable":true,"href":"https:\/\/kingarms.ee\/lt\/wp-json\/wp\/v2\/media\/118327"}],"wp:attachment":[{"href":"https:\/\/kingarms.ee\/lt\/wp-json\/wp\/v2\/media?parent=143640"}],"wp:term":[{"taxonomy":"product_brand","embeddable":true,"href":"https:\/\/kingarms.ee\/lt\/wp-json\/wp\/v2\/product_brand?post=143640"},{"taxonomy":"product_cat","embeddable":true,"href":"https:\/\/kingarms.ee\/lt\/wp-json\/wp\/v2\/product_cat?post=143640"},{"taxonomy":"product_tag","embeddable":true,"href":"https:\/\/kingarms.ee\/lt\/wp-json\/wp\/v2\/product_tag?post=143640"}],"curies":[{"name":"wp","href":"https:\/\/api.w.org\/{rel}","templated":true}]}}