{"id":143642,"date":"2022-04-29T14:01:03","date_gmt":"2025-01-08T15:28:44","guid":{"rendered":"https:\/\/kingarms.ee\/product\/karaliskasis-universalus-molle-deklo-alyvuogiu-drabas\/"},"modified":"2025-01-08T18:28:44","modified_gmt":"2025-01-08T15:28:44","slug":"karaliskasis-universitetas-lolle-holster-olive-drab","status":"publish","type":"product","link":"https:\/\/kingarms.ee\/lt\/product\/karaliskasis-universitetas-lolle-holster-olive-drab\/","title":{"rendered":"Karali\u0161kasis universalus molle d\u0117klo alyvuogi\u0173 drabas"},"content":{"rendered":"","protected":false},"excerpt":{"rendered":"<p>Karali\u0161kasis universalus molle d\u0117klo alyvuogi\u0173 drabas<\/p>\n<p>\u201eUniversale HolsteradUtegle\u201c su \u201eVelcromolle SystemUpper\u201c u\u017edarymu su mygtuku ir lengvai atidaromas de\u0161iniaranki\u0173 rank\u0173 drab\u0173 spalva<\/p>\n","protected":false},"featured_media":118331,"template":"","meta":{"_acf_changed":false},"product_brand":[],"product_cat":[1163],"product_tag":[],"class_list":{"0":"post-143642","1":"product","2":"type-product","3":"status-publish","4":"has-post-thumbnail","6":"product_cat-kabur","8":"first","9":"instock","10":"purchasable","11":"product-type-simple"},"acf":[],"_links":{"self":[{"href":"https:\/\/kingarms.ee\/lt\/wp-json\/wp\/v2\/product\/143642","targetHints":{"allow":["GET"]}}],"collection":[{"href":"https:\/\/kingarms.ee\/lt\/wp-json\/wp\/v2\/product"}],"about":[{"href":"https:\/\/kingarms.ee\/lt\/wp-json\/wp\/v2\/types\/product"}],"wp:featuredmedia":[{"embeddable":true,"href":"https:\/\/kingarms.ee\/lt\/wp-json\/wp\/v2\/media\/118331"}],"wp:attachment":[{"href":"https:\/\/kingarms.ee\/lt\/wp-json\/wp\/v2\/media?parent=143642"}],"wp:term":[{"taxonomy":"product_brand","embeddable":true,"href":"https:\/\/kingarms.ee\/lt\/wp-json\/wp\/v2\/product_brand?post=143642"},{"taxonomy":"product_cat","embeddable":true,"href":"https:\/\/kingarms.ee\/lt\/wp-json\/wp\/v2\/product_cat?post=143642"},{"taxonomy":"product_tag","embeddable":true,"href":"https:\/\/kingarms.ee\/lt\/wp-json\/wp\/v2\/product_tag?post=143642"}],"curies":[{"name":"wp","href":"https:\/\/api.w.org\/{rel}","templated":true}]}}