{"id":143644,"date":"2022-04-29T14:01:03","date_gmt":"2025-01-08T15:30:15","guid":{"rendered":"https:\/\/kingarms.ee\/product\/wosport-taktinis-koju-deklas-alyvuogiu-drabas\/"},"modified":"2025-01-08T18:30:15","modified_gmt":"2025-01-08T15:30:15","slug":"wosport-taktical-leg-holster-olive-drab-2","status":"publish","type":"product","link":"https:\/\/kingarms.ee\/lt\/product\/wosport-taktical-leg-holster-olive-drab-2\/","title":{"rendered":"\u201eWosport\u201c taktinis koj\u0173 d\u0117klas alyvuogi\u0173 drabas"},"content":{"rendered":"","protected":false},"excerpt":{"rendered":"<p>\u201eWosport\u201c taktinis koj\u0173 d\u0117klas alyvuogi\u0173 drabas<\/p>\n<p>Taktin\u0117 koj\u0173 holstermaterial: 600D OxfordAdjustment su \u201eVelcrowith Magazine\u201c ki\u0161eniniu<\/p>\n","protected":false},"featured_media":118325,"template":"","meta":{"_acf_changed":false},"product_brand":[],"product_cat":[1163],"product_tag":[],"class_list":{"0":"post-143644","1":"product","2":"type-product","3":"status-publish","4":"has-post-thumbnail","6":"product_cat-kabur","8":"first","9":"onbackorder","10":"product-type-simple"},"acf":[],"_links":{"self":[{"href":"https:\/\/kingarms.ee\/lt\/wp-json\/wp\/v2\/product\/143644","targetHints":{"allow":["GET"]}}],"collection":[{"href":"https:\/\/kingarms.ee\/lt\/wp-json\/wp\/v2\/product"}],"about":[{"href":"https:\/\/kingarms.ee\/lt\/wp-json\/wp\/v2\/types\/product"}],"wp:featuredmedia":[{"embeddable":true,"href":"https:\/\/kingarms.ee\/lt\/wp-json\/wp\/v2\/media\/118325"}],"wp:attachment":[{"href":"https:\/\/kingarms.ee\/lt\/wp-json\/wp\/v2\/media?parent=143644"}],"wp:term":[{"taxonomy":"product_brand","embeddable":true,"href":"https:\/\/kingarms.ee\/lt\/wp-json\/wp\/v2\/product_brand?post=143644"},{"taxonomy":"product_cat","embeddable":true,"href":"https:\/\/kingarms.ee\/lt\/wp-json\/wp\/v2\/product_cat?post=143644"},{"taxonomy":"product_tag","embeddable":true,"href":"https:\/\/kingarms.ee\/lt\/wp-json\/wp\/v2\/product_tag?post=143644"}],"curies":[{"name":"wp","href":"https:\/\/api.w.org\/{rel}","templated":true}]}}