{"id":143664,"date":"2022-04-29T14:01:00","date_gmt":"2025-01-08T15:42:04","guid":{"rendered":"https:\/\/kingarms.ee\/product\/wosport-sautuvo-apvalkalo-maiselis-juodas\/"},"modified":"2025-01-08T18:42:04","modified_gmt":"2025-01-08T15:42:04","slug":"wosport-shotgun-shells-pouch-black","status":"publish","type":"product","link":"https:\/\/kingarms.ee\/lt\/product\/wosport-shotgun-shells-pouch-black\/","title":{"rendered":"\u201eWosport\u201c \u0161autuvo apvalkalo mai\u0161elis juodas"},"content":{"rendered":"","protected":false},"excerpt":{"rendered":"<p>Nailono pluo\u0161to pajgos 10 \u0160\u016bvi\u0173<br \/>\nMolle Sistema<br \/>\nMatmenys CM 8,5x24x4,5<br \/>\nSvoris 170 g<br \/>\n\u0160autas ne\u012fskai\u010dioti<\/p>\n","protected":false},"featured_media":118305,"template":"","meta":{"_acf_changed":false},"product_brand":[],"product_cat":[1240,1242],"product_tag":[],"class_list":{"0":"post-143664","1":"product","2":"type-product","3":"status-publish","4":"has-post-thumbnail","6":"product_cat-maiseliai-krepsiai-ir-dirzeliai","7":"product_cat-sandeliavimo-kisenes","9":"first","10":"instock","11":"sale","12":"purchasable","13":"product-type-simple"},"acf":[],"_links":{"self":[{"href":"https:\/\/kingarms.ee\/lt\/wp-json\/wp\/v2\/product\/143664","targetHints":{"allow":["GET"]}}],"collection":[{"href":"https:\/\/kingarms.ee\/lt\/wp-json\/wp\/v2\/product"}],"about":[{"href":"https:\/\/kingarms.ee\/lt\/wp-json\/wp\/v2\/types\/product"}],"wp:featuredmedia":[{"embeddable":true,"href":"https:\/\/kingarms.ee\/lt\/wp-json\/wp\/v2\/media\/118305"}],"wp:attachment":[{"href":"https:\/\/kingarms.ee\/lt\/wp-json\/wp\/v2\/media?parent=143664"}],"wp:term":[{"taxonomy":"product_brand","embeddable":true,"href":"https:\/\/kingarms.ee\/lt\/wp-json\/wp\/v2\/product_brand?post=143664"},{"taxonomy":"product_cat","embeddable":true,"href":"https:\/\/kingarms.ee\/lt\/wp-json\/wp\/v2\/product_cat?post=143664"},{"taxonomy":"product_tag","embeddable":true,"href":"https:\/\/kingarms.ee\/lt\/wp-json\/wp\/v2\/product_tag?post=143664"}],"curies":[{"name":"wp","href":"https:\/\/api.w.org\/{rel}","templated":true}]}}