{"id":143679,"date":"2022-04-29T14:01:00","date_gmt":"2025-01-08T15:47:43","guid":{"rendered":"https:\/\/kingarms.ee\/product\/royal-gun-bag-130cm-multicam\/"},"modified":"2025-01-08T18:47:43","modified_gmt":"2025-01-08T15:47:43","slug":"royal-gun-bag-130cm-multicam","status":"publish","type":"product","link":"https:\/\/kingarms.ee\/lt\/product\/royal-gun-bag-130cm-multicam\/","title":{"rendered":"\u201eRoyal Gun Bag 130cm Multicam\u201c"},"content":{"rendered":"","protected":false},"excerpt":{"rendered":"<p>Pistoleto krep\u0161ys<br \/>\nPamink\u0161tintas Cordura<br \/>\nDvigubas u\u017etrauktukas<br \/>\n1x priekin\u0117 ki\u0161en\u0117 su \u201eVelcro\u201c u\u017edarymu ir i\u0161oriniu \u201eVelcro\u201c 240 mm x 170 mm<br \/>\n3x priekin\u0117s ki\u0161en\u0117s su \u201eVelcro\u201c u\u017edarymu 90 mm x 200 mm<br \/>\n1x galin\u0117 skaidri ki\u0161en\u0117 80 mm x 60 mm<br \/>\nDvigubas rankos ne\u0161iojimo dir\u017eas<br \/>\nPridedamas reguliuojamas dir\u017eas pe\u010di\u0173 ne\u0161iojimui<br \/>\nI\u0161oriniai matmenys 1300 mm x 310 mm<br \/>\nVidiniai matmenys 1250 mm x 290 mm<\/p>\n","protected":false},"featured_media":118089,"template":"","meta":{"_acf_changed":false},"product_brand":[],"product_cat":[1197,1245,1240],"product_tag":[],"class_list":{"0":"post-143679","1":"product","2":"type-product","3":"status-publish","4":"has-post-thumbnail","6":"product_cat-maisai","7":"product_cat-maisai-lt","8":"product_cat-maiseliai-krepsiai-ir-dirzeliai","10":"first","11":"instock","12":"purchasable","13":"product-type-simple"},"acf":[],"_links":{"self":[{"href":"https:\/\/kingarms.ee\/lt\/wp-json\/wp\/v2\/product\/143679","targetHints":{"allow":["GET"]}}],"collection":[{"href":"https:\/\/kingarms.ee\/lt\/wp-json\/wp\/v2\/product"}],"about":[{"href":"https:\/\/kingarms.ee\/lt\/wp-json\/wp\/v2\/types\/product"}],"wp:featuredmedia":[{"embeddable":true,"href":"https:\/\/kingarms.ee\/lt\/wp-json\/wp\/v2\/media\/118089"}],"wp:attachment":[{"href":"https:\/\/kingarms.ee\/lt\/wp-json\/wp\/v2\/media?parent=143679"}],"wp:term":[{"taxonomy":"product_brand","embeddable":true,"href":"https:\/\/kingarms.ee\/lt\/wp-json\/wp\/v2\/product_brand?post=143679"},{"taxonomy":"product_cat","embeddable":true,"href":"https:\/\/kingarms.ee\/lt\/wp-json\/wp\/v2\/product_cat?post=143679"},{"taxonomy":"product_tag","embeddable":true,"href":"https:\/\/kingarms.ee\/lt\/wp-json\/wp\/v2\/product_tag?post=143679"}],"curies":[{"name":"wp","href":"https:\/\/api.w.org\/{rel}","templated":true}]}}