{"id":143686,"date":"2022-04-28T15:07:58","date_gmt":"2025-01-08T15:52:57","guid":{"rendered":"https:\/\/kingarms.ee\/product\/royal-plus-green-uniform\/"},"modified":"2025-01-08T18:52:57","modified_gmt":"2025-01-08T15:52:57","slug":"royal-plus-green-uniform","status":"publish","type":"product","link":"https:\/\/kingarms.ee\/lt\/product\/royal-plus-green-uniform\/","title":{"rendered":"\u201eRoyal Plus Green Uniform\u201c"},"content":{"rendered":"","protected":false},"excerpt":{"rendered":"<p>\u201eRoyal Plus Green Uniform\u201c<br \/>\n\u201eRoyal Plus Green ACU\u201c stiliaus uniforma<\/p>\n<p>Bent ant kr\u016btin\u0117s ki\u0161eni\u0173<\/p>\n<p>\u201eVelcro\u201c \u017eenkleliai<\/p>\n<p>Kor\u0117jos kaklas<\/p>\n<p>Atidarymas ZIP+Velcro<\/p>\n<p>Pried\u0173 laikiklio ki\u0161en\u0117s ant pe\u010di\u0173 su i\u0161oriniu \u201eVelcro\u201c<\/p>\n<p>Keln\u0117s su 8 ki\u0161en\u0117mis<\/p>\n","protected":false},"featured_media":117907,"template":"","meta":{"_acf_changed":false},"product_brand":[],"product_cat":[1227],"product_tag":[],"class_list":{"0":"post-143686","1":"product","2":"type-product","3":"status-publish","4":"has-post-thumbnail","6":"product_cat-rinkiniai","8":"first","9":"instock","10":"sale","11":"taxable","12":"shipping-taxable","13":"purchasable","14":"product-type-variable"},"acf":[],"_links":{"self":[{"href":"https:\/\/kingarms.ee\/lt\/wp-json\/wp\/v2\/product\/143686","targetHints":{"allow":["GET"]}}],"collection":[{"href":"https:\/\/kingarms.ee\/lt\/wp-json\/wp\/v2\/product"}],"about":[{"href":"https:\/\/kingarms.ee\/lt\/wp-json\/wp\/v2\/types\/product"}],"wp:featuredmedia":[{"embeddable":true,"href":"https:\/\/kingarms.ee\/lt\/wp-json\/wp\/v2\/media\/117907"}],"wp:attachment":[{"href":"https:\/\/kingarms.ee\/lt\/wp-json\/wp\/v2\/media?parent=143686"}],"wp:term":[{"taxonomy":"product_brand","embeddable":true,"href":"https:\/\/kingarms.ee\/lt\/wp-json\/wp\/v2\/product_brand?post=143686"},{"taxonomy":"product_cat","embeddable":true,"href":"https:\/\/kingarms.ee\/lt\/wp-json\/wp\/v2\/product_cat?post=143686"},{"taxonomy":"product_tag","embeddable":true,"href":"https:\/\/kingarms.ee\/lt\/wp-json\/wp\/v2\/product_tag?post=143686"}],"curies":[{"name":"wp","href":"https:\/\/api.w.org\/{rel}","templated":true}]}}