{"id":143699,"date":"2022-04-26T13:17:59","date_gmt":"2025-01-08T15:56:59","guid":{"rendered":"https:\/\/kingarms.ee\/product\/2-taskas-1-taskas-bungee-sling-tan-8-laukai\/"},"modified":"2025-01-08T18:56:59","modified_gmt":"2025-01-08T15:56:59","slug":"2-tasku-1-tasko-bungee-sling-tan-8fields","status":"publish","type":"product","link":"https:\/\/kingarms.ee\/lt\/product\/2-tasku-1-tasko-bungee-sling-tan-8fields\/","title":{"rendered":"2 ta\u0161kas 1 ta\u0161kas Bungee Sling Tan 8 laukai"},"content":{"rendered":"","protected":false},"excerpt":{"rendered":"<p>2 ta\u0161k\u0173 1 ta\u0161ko bungee strope \u012fdegis 8 laukai, visi\u0161kai reguliuojami stropai, skirti naudoti kaip 1 arba 2 ta\u0161k\u0173 tvirtinimas. Savyb\u0117s yra 2 plieniniai kabliukai ir 2 polimer\u0173 greito atpalaidavimo sagtys.<\/p>\n","protected":false},"featured_media":117420,"template":"","meta":{"_acf_changed":false},"product_brand":[],"product_cat":[1206],"product_tag":[],"class_list":{"0":"post-143699","1":"product","2":"type-product","3":"status-publish","4":"has-post-thumbnail","6":"product_cat-ginklu-dirzeliai","8":"first","9":"instock","10":"purchasable","11":"product-type-simple"},"acf":[],"_links":{"self":[{"href":"https:\/\/kingarms.ee\/lt\/wp-json\/wp\/v2\/product\/143699","targetHints":{"allow":["GET"]}}],"collection":[{"href":"https:\/\/kingarms.ee\/lt\/wp-json\/wp\/v2\/product"}],"about":[{"href":"https:\/\/kingarms.ee\/lt\/wp-json\/wp\/v2\/types\/product"}],"wp:featuredmedia":[{"embeddable":true,"href":"https:\/\/kingarms.ee\/lt\/wp-json\/wp\/v2\/media\/117420"}],"wp:attachment":[{"href":"https:\/\/kingarms.ee\/lt\/wp-json\/wp\/v2\/media?parent=143699"}],"wp:term":[{"taxonomy":"product_brand","embeddable":true,"href":"https:\/\/kingarms.ee\/lt\/wp-json\/wp\/v2\/product_brand?post=143699"},{"taxonomy":"product_cat","embeddable":true,"href":"https:\/\/kingarms.ee\/lt\/wp-json\/wp\/v2\/product_cat?post=143699"},{"taxonomy":"product_tag","embeddable":true,"href":"https:\/\/kingarms.ee\/lt\/wp-json\/wp\/v2\/product_tag?post=143699"}],"curies":[{"name":"wp","href":"https:\/\/api.w.org\/{rel}","templated":true}]}}