{"id":143702,"date":"2022-04-26T13:17:59","date_gmt":"2025-01-08T15:58:07","guid":{"rendered":"https:\/\/kingarms.ee\/product\/paminkstintas-molle-kovos-dirzas-m-alyvuogiu-8-laukai\/"},"modified":"2025-01-08T18:58:07","modified_gmt":"2025-01-08T15:58:07","slug":"paminkstintas-molle-combat-belt-m-olive-8fields","status":"publish","type":"product","link":"https:\/\/kingarms.ee\/lt\/product\/paminkstintas-molle-combat-belt-m-olive-8fields\/","title":{"rendered":"Pamink\u0161tintas molle kovos dir\u017eas M alyvuogi\u0173 8 laukai"},"content":{"rendered":"","protected":false},"excerpt":{"rendered":"<p>Padid\u0117j\u0119s molle kovos dir\u017eas \u201eM Olive 8fields\u201c suderinamas su visomis molle \u012franga. Puikiai tinka \u017eurnal\u0173 mai\u0161eliams, \u0161iuk\u0161liad\u0117\u017e\u0117ms, la\u0161o koj\u0173 skydeliams, d\u0117klams ir kt.<\/p>\n","protected":false},"featured_media":117436,"template":"","meta":{"_acf_changed":false},"product_brand":[],"product_cat":[1232],"product_tag":[],"class_list":{"0":"post-143702","1":"product","2":"type-product","3":"status-publish","4":"has-post-thumbnail","6":"product_cat-ipsc-dirzai","8":"first","9":"onbackorder","10":"product-type-simple"},"acf":[],"_links":{"self":[{"href":"https:\/\/kingarms.ee\/lt\/wp-json\/wp\/v2\/product\/143702","targetHints":{"allow":["GET"]}}],"collection":[{"href":"https:\/\/kingarms.ee\/lt\/wp-json\/wp\/v2\/product"}],"about":[{"href":"https:\/\/kingarms.ee\/lt\/wp-json\/wp\/v2\/types\/product"}],"wp:featuredmedia":[{"embeddable":true,"href":"https:\/\/kingarms.ee\/lt\/wp-json\/wp\/v2\/media\/117436"}],"wp:attachment":[{"href":"https:\/\/kingarms.ee\/lt\/wp-json\/wp\/v2\/media?parent=143702"}],"wp:term":[{"taxonomy":"product_brand","embeddable":true,"href":"https:\/\/kingarms.ee\/lt\/wp-json\/wp\/v2\/product_brand?post=143702"},{"taxonomy":"product_cat","embeddable":true,"href":"https:\/\/kingarms.ee\/lt\/wp-json\/wp\/v2\/product_cat?post=143702"},{"taxonomy":"product_tag","embeddable":true,"href":"https:\/\/kingarms.ee\/lt\/wp-json\/wp\/v2\/product_tag?post=143702"}],"curies":[{"name":"wp","href":"https:\/\/api.w.org\/{rel}","templated":true}]}}