{"id":143704,"date":"2022-04-26T13:17:59","date_gmt":"2025-01-08T15:58:53","guid":{"rendered":"https:\/\/kingarms.ee\/product\/r604-juodosios-armijos-ginkluote\/"},"modified":"2025-01-08T18:58:53","modified_gmt":"2025-01-08T15:58:53","slug":"r604-black-army-armament","status":"publish","type":"product","link":"https:\/\/kingarms.ee\/lt\/product\/r604-black-army-armament\/","title":{"rendered":"R604 Juodosios armijos ginkluot\u0117"},"content":{"rendered":"","protected":false},"excerpt":{"rendered":"<p>R604 Juodosios armijos ginkluot\u0117s svoris: 1030 g Spalva: Juodoji med\u017eiaga: Polimeras, Metalo gaisro re\u017eimas: Vieno \u017eurnalo med\u017eiaga: Metalo \u017eurnalas MM: 160 \u017durnalo talpa: 28 bbs Vidin\u0117s statin\u0117s ilgis: 100 mm snukio energija: 0,89 J snukio greitis FPS: 310 Vidin\u0117s statin\u0117s skersmuo: 6,03 mm<\/p>\n","protected":false},"featured_media":117842,"template":"","meta":{"_acf_changed":false},"product_brand":[],"product_cat":[1138],"product_tag":[],"class_list":{"0":"post-143704","1":"product","2":"type-product","3":"status-publish","4":"has-post-thumbnail","6":"product_cat-airsoft-pistols","8":"first","9":"onbackorder","10":"product-type-simple"},"acf":[],"_links":{"self":[{"href":"https:\/\/kingarms.ee\/lt\/wp-json\/wp\/v2\/product\/143704","targetHints":{"allow":["GET"]}}],"collection":[{"href":"https:\/\/kingarms.ee\/lt\/wp-json\/wp\/v2\/product"}],"about":[{"href":"https:\/\/kingarms.ee\/lt\/wp-json\/wp\/v2\/types\/product"}],"wp:featuredmedia":[{"embeddable":true,"href":"https:\/\/kingarms.ee\/lt\/wp-json\/wp\/v2\/media\/117842"}],"wp:attachment":[{"href":"https:\/\/kingarms.ee\/lt\/wp-json\/wp\/v2\/media?parent=143704"}],"wp:term":[{"taxonomy":"product_brand","embeddable":true,"href":"https:\/\/kingarms.ee\/lt\/wp-json\/wp\/v2\/product_brand?post=143704"},{"taxonomy":"product_cat","embeddable":true,"href":"https:\/\/kingarms.ee\/lt\/wp-json\/wp\/v2\/product_cat?post=143704"},{"taxonomy":"product_tag","embeddable":true,"href":"https:\/\/kingarms.ee\/lt\/wp-json\/wp\/v2\/product_tag?post=143704"}],"curies":[{"name":"wp","href":"https:\/\/api.w.org\/{rel}","templated":true}]}}