{"id":143707,"date":"2022-04-26T13:17:59","date_gmt":"2025-01-08T16:02:37","guid":{"rendered":"https:\/\/kingarms.ee\/product\/converter-lipo-usb-charger-em\/"},"modified":"2025-01-08T19:02:37","modified_gmt":"2025-01-08T16:02:37","slug":"converter-lipo-usb-charger-em","status":"publish","type":"product","link":"https:\/\/kingarms.ee\/lt\/product\/converter-lipo-usb-charger-em\/","title":{"rendered":"\u201eConverter Lipo USB Charger EM\u201c"},"content":{"rendered":"","protected":false},"excerpt":{"rendered":"<p>\u201eConverter LIPO USB\u201c \u012fkroviklis Em \u0160is patogus ma\u017eas \u012frenginys leid\u017eia pakeisti \u201eLi-PO\u201c akumuliatori\u0173 \u012f \u201ePower Bank\u201c. Tai yra puikus sprendimas lauko veiklai, kai reikia \u012fkrauti telefon\u0105, fotoaparat\u0105 ar bet kuri\u0105 kit\u0105 USB maitinam\u0105 \u012frang\u0105. \u012evestis: 6v &#8211; 26 V<br \/>\nI\u0161vesti<br \/>\nDydis: 110x22x15 mm<\/p>\n","protected":false},"featured_media":117348,"template":"","meta":{"_acf_changed":false},"product_brand":[],"product_cat":[1273],"product_tag":[],"class_list":{"0":"post-143707","1":"product","2":"type-product","3":"status-publish","4":"has-post-thumbnail","6":"product_cat-atsargines-dalys","8":"first","9":"instock","10":"purchasable","11":"product-type-simple"},"acf":[],"_links":{"self":[{"href":"https:\/\/kingarms.ee\/lt\/wp-json\/wp\/v2\/product\/143707","targetHints":{"allow":["GET"]}}],"collection":[{"href":"https:\/\/kingarms.ee\/lt\/wp-json\/wp\/v2\/product"}],"about":[{"href":"https:\/\/kingarms.ee\/lt\/wp-json\/wp\/v2\/types\/product"}],"wp:featuredmedia":[{"embeddable":true,"href":"https:\/\/kingarms.ee\/lt\/wp-json\/wp\/v2\/media\/117348"}],"wp:attachment":[{"href":"https:\/\/kingarms.ee\/lt\/wp-json\/wp\/v2\/media?parent=143707"}],"wp:term":[{"taxonomy":"product_brand","embeddable":true,"href":"https:\/\/kingarms.ee\/lt\/wp-json\/wp\/v2\/product_brand?post=143707"},{"taxonomy":"product_cat","embeddable":true,"href":"https:\/\/kingarms.ee\/lt\/wp-json\/wp\/v2\/product_cat?post=143707"},{"taxonomy":"product_tag","embeddable":true,"href":"https:\/\/kingarms.ee\/lt\/wp-json\/wp\/v2\/product_tag?post=143707"}],"curies":[{"name":"wp","href":"https:\/\/api.w.org\/{rel}","templated":true}]}}