{"id":143709,"date":"2022-04-26T13:17:45","date_gmt":"2025-01-08T16:03:28","guid":{"rendered":"https:\/\/kingarms.ee\/product\/keliu-budas-nesioja-organizatoriaus-alyvuogiu-8-laukus\/"},"modified":"2025-01-08T19:03:28","modified_gmt":"2025-01-08T16:03:28","slug":"multi-way-carry-organizer-olive-8fields","status":"publish","type":"product","link":"https:\/\/kingarms.ee\/lt\/product\/multi-way-carry-organizer-olive-8fields\/","title":{"rendered":"Keli\u0173 b\u016bdas ne\u0161ioja organizatoriaus alyvuogi\u0173 8 laukus"},"content":{"rendered":"","protected":false},"excerpt":{"rendered":"<p>Keli\u0173 b\u016bdas ne\u0161ioja organizatori\u0173 \u201eOlive 8fields Organizer EDC\u201c, puikiai tinkantis telefonams, rakt\u0173, GPS \u012frenginiams saugoti, papildomus amunicijas, skaitmeninius kameras, medicinos reikmenis ir kitus reikalingus \u012frankius. Funkcijos yra greitos prieigos priekin\u0117s \u201eVelcro\u201c ki\u0161en\u0117s, vidin\u0117s slydimo ki\u0161en\u0117s, rakt\u0173 pakabuk\u0173 priri\u0161imas, elastin\u0117s kilpos, kad viskas b\u016bt\u0173 vienoje vietoje. Galima lengvai pritvirtinti prie bet kokios kuprin\u0117s dir\u017e\u0173, dir\u017e\u0173 ar molle platform\u0173.<\/p>\n","protected":false},"featured_media":117586,"template":"","meta":{"_acf_changed":false},"product_brand":[],"product_cat":[1246,1240],"product_tag":[],"class_list":{"0":"post-143709","1":"product","2":"type-product","3":"status-publish","4":"has-post-thumbnail","6":"product_cat-kisenes","7":"product_cat-maiseliai-krepsiai-ir-dirzeliai","9":"first","10":"onbackorder","11":"product-type-simple"},"acf":[],"_links":{"self":[{"href":"https:\/\/kingarms.ee\/lt\/wp-json\/wp\/v2\/product\/143709","targetHints":{"allow":["GET"]}}],"collection":[{"href":"https:\/\/kingarms.ee\/lt\/wp-json\/wp\/v2\/product"}],"about":[{"href":"https:\/\/kingarms.ee\/lt\/wp-json\/wp\/v2\/types\/product"}],"wp:featuredmedia":[{"embeddable":true,"href":"https:\/\/kingarms.ee\/lt\/wp-json\/wp\/v2\/media\/117586"}],"wp:attachment":[{"href":"https:\/\/kingarms.ee\/lt\/wp-json\/wp\/v2\/media?parent=143709"}],"wp:term":[{"taxonomy":"product_brand","embeddable":true,"href":"https:\/\/kingarms.ee\/lt\/wp-json\/wp\/v2\/product_brand?post=143709"},{"taxonomy":"product_cat","embeddable":true,"href":"https:\/\/kingarms.ee\/lt\/wp-json\/wp\/v2\/product_cat?post=143709"},{"taxonomy":"product_tag","embeddable":true,"href":"https:\/\/kingarms.ee\/lt\/wp-json\/wp\/v2\/product_tag?post=143709"}],"curies":[{"name":"wp","href":"https:\/\/api.w.org\/{rel}","templated":true}]}}