{"id":143715,"date":"2022-04-26T13:17:45","date_gmt":"2025-01-08T16:07:26","guid":{"rendered":"https:\/\/kingarms.ee\/product\/1l-vandens-buteliu-vezejo-alyvuogiu-8-laukai\/"},"modified":"2025-01-08T19:07:26","modified_gmt":"2025-01-08T16:07:26","slug":"1-l-vandens-dugno-kareivis-olive-8fields","status":"publish","type":"product","link":"https:\/\/kingarms.ee\/lt\/product\/1-l-vandens-dugno-kareivis-olive-8fields\/","title":{"rendered":"1L vandens buteli\u0173 ve\u017e\u0117jo alyvuogi\u0173 8 laukai"},"content":{"rendered":"","protected":false},"excerpt":{"rendered":"<p>1L vandens butelio ve\u017e\u0117jo alyvuogi\u0173 8 laukai, skirti tilpti \u012f 1L vandens buteliuk\u0105, \u201eBidon\u201c ar pana\u0161aus dyd\u017eio ind\u0105. Suderinama su bet kokiomis \u201eMolle\u201c platformomis (liemene, krep\u0161yje, bud\u0117jimo dir\u017eu ar kuprine).<\/p>\n","protected":false},"featured_media":117556,"template":"","meta":{"_acf_changed":false},"product_brand":[],"product_cat":[1246,1240],"product_tag":[],"class_list":{"0":"post-143715","1":"product","2":"type-product","3":"status-publish","4":"has-post-thumbnail","6":"product_cat-kisenes","7":"product_cat-maiseliai-krepsiai-ir-dirzeliai","9":"first","10":"onbackorder","11":"product-type-simple"},"acf":[],"_links":{"self":[{"href":"https:\/\/kingarms.ee\/lt\/wp-json\/wp\/v2\/product\/143715","targetHints":{"allow":["GET"]}}],"collection":[{"href":"https:\/\/kingarms.ee\/lt\/wp-json\/wp\/v2\/product"}],"about":[{"href":"https:\/\/kingarms.ee\/lt\/wp-json\/wp\/v2\/types\/product"}],"wp:featuredmedia":[{"embeddable":true,"href":"https:\/\/kingarms.ee\/lt\/wp-json\/wp\/v2\/media\/117556"}],"wp:attachment":[{"href":"https:\/\/kingarms.ee\/lt\/wp-json\/wp\/v2\/media?parent=143715"}],"wp:term":[{"taxonomy":"product_brand","embeddable":true,"href":"https:\/\/kingarms.ee\/lt\/wp-json\/wp\/v2\/product_brand?post=143715"},{"taxonomy":"product_cat","embeddable":true,"href":"https:\/\/kingarms.ee\/lt\/wp-json\/wp\/v2\/product_cat?post=143715"},{"taxonomy":"product_tag","embeddable":true,"href":"https:\/\/kingarms.ee\/lt\/wp-json\/wp\/v2\/product_tag?post=143715"}],"curies":[{"name":"wp","href":"https:\/\/api.w.org\/{rel}","templated":true}]}}