{"id":143721,"date":"2022-04-26T13:17:32","date_gmt":"2025-01-08T16:14:34","guid":{"rendered":"https:\/\/kingarms.ee\/product\/trigubas-40-mm-granato-maiselis-coyote-8fields\/"},"modified":"2025-01-08T19:14:34","modified_gmt":"2025-01-08T16:14:34","slug":"triple-40mm-grenade-pouch-coyote-8fields","status":"publish","type":"product","link":"https:\/\/kingarms.ee\/lt\/product\/triple-40mm-grenade-pouch-coyote-8fields\/","title":{"rendered":"Trigubas 40 mm granato mai\u0161elis \u201eCoyote 8fields\u201c"},"content":{"rendered":"","protected":false},"excerpt":{"rendered":"<p>Trigubas 40 mm granatos mai\u0161elis \u201eCoyote 8fields\u201c mai\u0161elis turi 40 mm granat\u0105. Suderinama su visomis \u201eMolle\u201c platformomis. Atkreipkite d\u0117mes\u012f! Parduodamas tik mai\u0161elis.<\/p>\n","protected":false},"featured_media":117686,"template":"","meta":{"_acf_changed":false},"product_brand":[],"product_cat":[1246,1240],"product_tag":[],"class_list":{"0":"post-143721","1":"product","2":"type-product","3":"status-publish","4":"has-post-thumbnail","6":"product_cat-kisenes","7":"product_cat-maiseliai-krepsiai-ir-dirzeliai","9":"first","10":"instock","11":"purchasable","12":"product-type-simple"},"acf":[],"_links":{"self":[{"href":"https:\/\/kingarms.ee\/lt\/wp-json\/wp\/v2\/product\/143721","targetHints":{"allow":["GET"]}}],"collection":[{"href":"https:\/\/kingarms.ee\/lt\/wp-json\/wp\/v2\/product"}],"about":[{"href":"https:\/\/kingarms.ee\/lt\/wp-json\/wp\/v2\/types\/product"}],"wp:featuredmedia":[{"embeddable":true,"href":"https:\/\/kingarms.ee\/lt\/wp-json\/wp\/v2\/media\/117686"}],"wp:attachment":[{"href":"https:\/\/kingarms.ee\/lt\/wp-json\/wp\/v2\/media?parent=143721"}],"wp:term":[{"taxonomy":"product_brand","embeddable":true,"href":"https:\/\/kingarms.ee\/lt\/wp-json\/wp\/v2\/product_brand?post=143721"},{"taxonomy":"product_cat","embeddable":true,"href":"https:\/\/kingarms.ee\/lt\/wp-json\/wp\/v2\/product_cat?post=143721"},{"taxonomy":"product_tag","embeddable":true,"href":"https:\/\/kingarms.ee\/lt\/wp-json\/wp\/v2\/product_tag?post=143721"}],"curies":[{"name":"wp","href":"https:\/\/api.w.org\/{rel}","templated":true}]}}